{"id":4157,"date":"2023-08-25T15:29:22","date_gmt":"2023-08-25T15:29:22","guid":{"rendered":"https:\/\/don-cicleto.ronindev.today\/product\/casiers-individuels\/"},"modified":"2023-08-25T15:29:22","modified_gmt":"2023-08-25T15:29:22","slug":"casiers-individuels","status":"publish","type":"product","link":"https:\/\/don-cicleto.ronindev.today\/fr\/produit\/casiers-individuels\/","title":{"rendered":"Casiers individuels"},"content":{"rendered":"<p><span style=\"font-weight: 400;\">Les casiers individuels permettent non seulement de garer le v\u00e9lo en toute s\u00e9curit\u00e9, mais aussi de disposer d&rsquo;un espace individuel pour chaque utilisateur, afin qu&rsquo;il puisse y d\u00e9poser d&rsquo;autres types d&rsquo;objets tels que des casques, des sacs \u00e0 dos, etc. et qu&rsquo;il n&rsquo;ait pas \u00e0 porter d&rsquo;antivol.  <\/span><\/p>\n","protected":false},"excerpt":{"rendered":"<p>Les casiers individuels permettent non seulement de garer le v\u00e9lo en toute s\u00e9curit\u00e9, mais aussi de disposer d&rsquo;un espace individuel pour chaque utilisateur, afin qu&rsquo;il puisse y d\u00e9poser d&rsquo;autres types d&rsquo;objets tels que des casques, des sacs \u00e0 dos, etc. et qu&rsquo;il n&rsquo;ait pas \u00e0 porter d&rsquo;antivol.<\/p>\n","protected":false},"featured_media":3831,"comment_status":"open","ping_status":"closed","template":"","meta":{"_links_to":"","_links_to_target":""},"product_cat":[66],"product_tag":[],"class_list":["post-4157","product","type-product","status-publish","has-post-thumbnail","hentry","product_cat-casiers"],"acf":[],"yoast_head":"<!-- This site is optimized with the Yoast SEO plugin v21.4 - https:\/\/yoast.com\/wordpress\/plugins\/seo\/ -->\n<title>Casiers individuels - Don Cicleto<\/title>\n<meta name=\"robots\" content=\"noindex, follow, max-snippet:-1, max-image-preview:large, max-video-preview:-1\" \/>\n<meta property=\"og:locale\" content=\"fr_FR\" \/>\n<meta property=\"og:type\" content=\"article\" \/>\n<meta property=\"og:title\" content=\"Casiers individuels - Don Cicleto\" \/>\n<meta property=\"og:description\" content=\"Les casiers individuels permettent non seulement de garer le v\u00e9lo en toute s\u00e9curit\u00e9, mais aussi de disposer d&rsquo;un espace individuel pour chaque utilisateur, afin qu&rsquo;il puisse y d\u00e9poser d&rsquo;autres types d&rsquo;objets tels que des casques, des sacs \u00e0 dos, etc. et qu&rsquo;il n&rsquo;ait pas \u00e0 porter d&rsquo;antivol.\" \/>\n<meta property=\"og:url\" content=\"https:\/\/don-cicleto.ronindev.today\/fr\/produit\/casiers-individuels\/\" \/>\n<meta property=\"og:site_name\" content=\"Don Cicleto\" \/>\n<meta property=\"og:image\" content=\"https:\/\/don-cicleto.ronindev.today\/wp-content\/uploads\/2023\/08\/Taquillas-Individuales-2.jpeg\" \/>\n\t<meta property=\"og:image:width\" content=\"620\" \/>\n\t<meta property=\"og:image:height\" content=\"348\" \/>\n\t<meta property=\"og:image:type\" content=\"image\/jpeg\" \/>\n<meta name=\"twitter:card\" content=\"summary_large_image\" \/>\n<script type=\"application\/ld+json\" class=\"yoast-schema-graph\">{\"@context\":\"https:\/\/schema.org\",\"@graph\":[{\"@type\":\"WebPage\",\"@id\":\"https:\/\/don-cicleto.ronindev.today\/fr\/produit\/casiers-individuels\/\",\"url\":\"https:\/\/don-cicleto.ronindev.today\/fr\/produit\/casiers-individuels\/\",\"name\":\"Casiers individuels - Don Cicleto\",\"isPartOf\":{\"@id\":\"https:\/\/don-cicleto.ronindev.today\/fr\/#website\"},\"datePublished\":\"2023-08-25T15:29:22+00:00\",\"dateModified\":\"2023-08-25T15:29:22+00:00\",\"breadcrumb\":{\"@id\":\"https:\/\/don-cicleto.ronindev.today\/fr\/produit\/casiers-individuels\/#breadcrumb\"},\"inLanguage\":\"fr-FR\",\"potentialAction\":[{\"@type\":\"ReadAction\",\"target\":[\"https:\/\/don-cicleto.ronindev.today\/fr\/produit\/casiers-individuels\/\"]}]},{\"@type\":\"BreadcrumbList\",\"@id\":\"https:\/\/don-cicleto.ronindev.today\/fr\/produit\/casiers-individuels\/#breadcrumb\",\"itemListElement\":[{\"@type\":\"ListItem\",\"position\":1,\"name\":\"Home\",\"item\":\"https:\/\/don-cicleto.ronindev.today\/fr\/\"},{\"@type\":\"ListItem\",\"position\":2,\"name\":\"Boutique\",\"item\":\"https:\/\/don-cicleto.ronindev.today\/fr\/boutique\/\"},{\"@type\":\"ListItem\",\"position\":3,\"name\":\"Casiers individuels\"}]},{\"@type\":\"WebSite\",\"@id\":\"https:\/\/don-cicleto.ronindev.today\/fr\/#website\",\"url\":\"https:\/\/don-cicleto.ronindev.today\/fr\/\",\"name\":\"Don Cicleto\",\"description\":\"\",\"publisher\":{\"@id\":\"https:\/\/don-cicleto.ronindev.today\/fr\/#organization\"},\"potentialAction\":[{\"@type\":\"SearchAction\",\"target\":{\"@type\":\"EntryPoint\",\"urlTemplate\":\"https:\/\/don-cicleto.ronindev.today\/fr\/?s={search_term_string}\"},\"query-input\":\"required name=search_term_string\"}],\"inLanguage\":\"fr-FR\"},{\"@type\":\"Organization\",\"@id\":\"https:\/\/don-cicleto.ronindev.today\/fr\/#organization\",\"name\":\"Don Cicleto\",\"url\":\"https:\/\/don-cicleto.ronindev.today\/fr\/\",\"logo\":{\"@type\":\"ImageObject\",\"inLanguage\":\"fr-FR\",\"@id\":\"https:\/\/don-cicleto.ronindev.today\/fr\/#\/schema\/logo\/image\/\",\"url\":\"https:\/\/don-cicleto.ronindev.today\/wp-content\/uploads\/2023\/06\/Don-Cicleto-logo-txt.svg\",\"contentUrl\":\"https:\/\/don-cicleto.ronindev.today\/wp-content\/uploads\/2023\/06\/Don-Cicleto-logo-txt.svg\",\"width\":132,\"height\":32,\"caption\":\"Don Cicleto\"},\"image\":{\"@id\":\"https:\/\/don-cicleto.ronindev.today\/fr\/#\/schema\/logo\/image\/\"}}]}<\/script>\n<!-- \/ Yoast SEO plugin. -->","yoast_head_json":{"title":"Casiers individuels - Don Cicleto","robots":{"index":"noindex","follow":"follow","max-snippet":"max-snippet:-1","max-image-preview":"max-image-preview:large","max-video-preview":"max-video-preview:-1"},"og_locale":"fr_FR","og_type":"article","og_title":"Casiers individuels - Don Cicleto","og_description":"Les casiers individuels permettent non seulement de garer le v\u00e9lo en toute s\u00e9curit\u00e9, mais aussi de disposer d&rsquo;un espace individuel pour chaque utilisateur, afin qu&rsquo;il puisse y d\u00e9poser d&rsquo;autres types d&rsquo;objets tels que des casques, des sacs \u00e0 dos, etc. et qu&rsquo;il n&rsquo;ait pas \u00e0 porter d&rsquo;antivol.","og_url":"https:\/\/don-cicleto.ronindev.today\/fr\/produit\/casiers-individuels\/","og_site_name":"Don Cicleto","og_image":[{"width":620,"height":348,"url":"https:\/\/don-cicleto.ronindev.today\/wp-content\/uploads\/2023\/08\/Taquillas-Individuales-2.jpeg","type":"image\/jpeg"}],"twitter_card":"summary_large_image","schema":{"@context":"https:\/\/schema.org","@graph":[{"@type":"WebPage","@id":"https:\/\/don-cicleto.ronindev.today\/fr\/produit\/casiers-individuels\/","url":"https:\/\/don-cicleto.ronindev.today\/fr\/produit\/casiers-individuels\/","name":"Casiers individuels - Don Cicleto","isPartOf":{"@id":"https:\/\/don-cicleto.ronindev.today\/fr\/#website"},"datePublished":"2023-08-25T15:29:22+00:00","dateModified":"2023-08-25T15:29:22+00:00","breadcrumb":{"@id":"https:\/\/don-cicleto.ronindev.today\/fr\/produit\/casiers-individuels\/#breadcrumb"},"inLanguage":"fr-FR","potentialAction":[{"@type":"ReadAction","target":["https:\/\/don-cicleto.ronindev.today\/fr\/produit\/casiers-individuels\/"]}]},{"@type":"BreadcrumbList","@id":"https:\/\/don-cicleto.ronindev.today\/fr\/produit\/casiers-individuels\/#breadcrumb","itemListElement":[{"@type":"ListItem","position":1,"name":"Home","item":"https:\/\/don-cicleto.ronindev.today\/fr\/"},{"@type":"ListItem","position":2,"name":"Boutique","item":"https:\/\/don-cicleto.ronindev.today\/fr\/boutique\/"},{"@type":"ListItem","position":3,"name":"Casiers individuels"}]},{"@type":"WebSite","@id":"https:\/\/don-cicleto.ronindev.today\/fr\/#website","url":"https:\/\/don-cicleto.ronindev.today\/fr\/","name":"Don Cicleto","description":"","publisher":{"@id":"https:\/\/don-cicleto.ronindev.today\/fr\/#organization"},"potentialAction":[{"@type":"SearchAction","target":{"@type":"EntryPoint","urlTemplate":"https:\/\/don-cicleto.ronindev.today\/fr\/?s={search_term_string}"},"query-input":"required name=search_term_string"}],"inLanguage":"fr-FR"},{"@type":"Organization","@id":"https:\/\/don-cicleto.ronindev.today\/fr\/#organization","name":"Don Cicleto","url":"https:\/\/don-cicleto.ronindev.today\/fr\/","logo":{"@type":"ImageObject","inLanguage":"fr-FR","@id":"https:\/\/don-cicleto.ronindev.today\/fr\/#\/schema\/logo\/image\/","url":"https:\/\/don-cicleto.ronindev.today\/wp-content\/uploads\/2023\/06\/Don-Cicleto-logo-txt.svg","contentUrl":"https:\/\/don-cicleto.ronindev.today\/wp-content\/uploads\/2023\/06\/Don-Cicleto-logo-txt.svg","width":132,"height":32,"caption":"Don Cicleto"},"image":{"@id":"https:\/\/don-cicleto.ronindev.today\/fr\/#\/schema\/logo\/image\/"}}]}},"_links":{"self":[{"href":"https:\/\/don-cicleto.ronindev.today\/fr\/wp-json\/wp\/v2\/product\/4157","targetHints":{"allow":["GET"]}}],"collection":[{"href":"https:\/\/don-cicleto.ronindev.today\/fr\/wp-json\/wp\/v2\/product"}],"about":[{"href":"https:\/\/don-cicleto.ronindev.today\/fr\/wp-json\/wp\/v2\/types\/product"}],"replies":[{"embeddable":true,"href":"https:\/\/don-cicleto.ronindev.today\/fr\/wp-json\/wp\/v2\/comments?post=4157"}],"wp:featuredmedia":[{"embeddable":true,"href":"https:\/\/don-cicleto.ronindev.today\/fr\/wp-json\/wp\/v2\/media\/3831"}],"wp:attachment":[{"href":"https:\/\/don-cicleto.ronindev.today\/fr\/wp-json\/wp\/v2\/media?parent=4157"}],"wp:term":[{"taxonomy":"product_cat","embeddable":true,"href":"https:\/\/don-cicleto.ronindev.today\/fr\/wp-json\/wp\/v2\/product_cat?post=4157"},{"taxonomy":"product_tag","embeddable":true,"href":"https:\/\/don-cicleto.ronindev.today\/fr\/wp-json\/wp\/v2\/product_tag?post=4157"}],"curies":[{"name":"wp","href":"https:\/\/api.w.org\/{rel}","templated":true}]}}