{"id":4164,"date":"2023-08-25T15:28:15","date_gmt":"2023-08-25T15:28:15","guid":{"rendered":"https:\/\/don-cicleto.ronindev.today\/product\/mobilite-centre-de-cycle\/"},"modified":"2023-08-25T15:28:15","modified_gmt":"2023-08-25T15:28:15","slug":"mobilite-cycle-hub","status":"publish","type":"product","link":"https:\/\/don-cicleto.ronindev.today\/fr\/produit\/mobilite-cycle-hub\/","title":{"rendered":"Mobilit\u00e9 Centre de cycle"},"content":{"rendered":"<p><span style=\"font-weight: 400;\">Nos plateformes cyclables Mobility sont con\u00e7ues pour les zones \u00e0 forte densit\u00e9 et \u00e0 fort trafic, telles que les gares, les a\u00e9roports ou les plateformes de transport.  <\/span><\/p>\n<p><span style=\"font-weight: 400;\">Il offre aux utilisateurs non seulement un endroit s\u00fbr, s\u00e9curis\u00e9 et couvert pour garer leur v\u00e9lo, mais aussi d&rsquo;autres services : stations de r\u00e9paration, chargeurs \u00e9lectriques, casiers, etc.  <\/span><\/p>\n<p><span style=\"font-weight: 400;\">Nous travaillons en \u00e9troite collaboration avec nos clients pour personnaliser et adapter nos plateformes de mobilit\u00e9 \u00e0 leurs besoins sp\u00e9cifiques.  <\/span><\/p>\n","protected":false},"excerpt":{"rendered":"<p>Nos plateformes cyclables Mobility sont con\u00e7ues pour les zones \u00e0 forte densit\u00e9 et \u00e0 fort trafic, telles que les gares, les a\u00e9roports ou les plateformes de transport. Il offre aux utilisateurs non seulement un endroit s\u00fbr, s\u00e9curis\u00e9 et couvert pour garer leur v\u00e9lo, mais aussi d&rsquo;autres services : stations de r\u00e9paration, chargeurs \u00e9lectriques, casiers, etc. [&hellip;]<\/p>\n","protected":false},"featured_media":3777,"comment_status":"open","ping_status":"closed","template":"","meta":{"_links_to":"","_links_to_target":""},"product_cat":[67],"product_tag":[],"class_list":["post-4164","product","type-product","status-publish","has-post-thumbnail","hentry","product_cat-hangars-fr"],"acf":[],"yoast_head":"<!-- This site is optimized with the Yoast SEO plugin v21.4 - https:\/\/yoast.com\/wordpress\/plugins\/seo\/ -->\n<title>Mobilit\u00e9 Centre de cycle - Don Cicleto<\/title>\n<meta name=\"robots\" content=\"noindex, follow, max-snippet:-1, max-image-preview:large, max-video-preview:-1\" \/>\n<meta property=\"og:locale\" content=\"fr_FR\" \/>\n<meta property=\"og:type\" content=\"article\" \/>\n<meta property=\"og:title\" content=\"Mobilit\u00e9 Centre de cycle - Don Cicleto\" \/>\n<meta property=\"og:description\" content=\"Nos plateformes cyclables Mobility sont con\u00e7ues pour les zones \u00e0 forte densit\u00e9 et \u00e0 fort trafic, telles que les gares, les a\u00e9roports ou les plateformes de transport. Il offre aux utilisateurs non seulement un endroit s\u00fbr, s\u00e9curis\u00e9 et couvert pour garer leur v\u00e9lo, mais aussi d&rsquo;autres services : stations de r\u00e9paration, chargeurs \u00e9lectriques, casiers, etc. [&hellip;]\" \/>\n<meta property=\"og:url\" content=\"https:\/\/don-cicleto.ronindev.today\/fr\/produit\/mobilite-cycle-hub\/\" \/>\n<meta property=\"og:site_name\" content=\"Don Cicleto\" \/>\n<meta property=\"og:image\" content=\"https:\/\/don-cicleto.ronindev.today\/wp-content\/uploads\/2023\/08\/mobility-cycle2.jpeg\" \/>\n\t<meta property=\"og:image:width\" content=\"1000\" \/>\n\t<meta property=\"og:image:height\" content=\"661\" \/>\n\t<meta property=\"og:image:type\" content=\"image\/jpeg\" \/>\n<meta name=\"twitter:card\" content=\"summary_large_image\" \/>\n<script type=\"application\/ld+json\" class=\"yoast-schema-graph\">{\"@context\":\"https:\/\/schema.org\",\"@graph\":[{\"@type\":\"WebPage\",\"@id\":\"https:\/\/don-cicleto.ronindev.today\/fr\/produit\/mobilite-cycle-hub\/\",\"url\":\"https:\/\/don-cicleto.ronindev.today\/fr\/produit\/mobilite-cycle-hub\/\",\"name\":\"Mobilit\u00e9 Centre de cycle - Don Cicleto\",\"isPartOf\":{\"@id\":\"https:\/\/don-cicleto.ronindev.today\/fr\/#website\"},\"datePublished\":\"2023-08-25T15:28:15+00:00\",\"dateModified\":\"2023-08-25T15:28:15+00:00\",\"breadcrumb\":{\"@id\":\"https:\/\/don-cicleto.ronindev.today\/fr\/produit\/mobilite-cycle-hub\/#breadcrumb\"},\"inLanguage\":\"fr-FR\",\"potentialAction\":[{\"@type\":\"ReadAction\",\"target\":[\"https:\/\/don-cicleto.ronindev.today\/fr\/produit\/mobilite-cycle-hub\/\"]}]},{\"@type\":\"BreadcrumbList\",\"@id\":\"https:\/\/don-cicleto.ronindev.today\/fr\/produit\/mobilite-cycle-hub\/#breadcrumb\",\"itemListElement\":[{\"@type\":\"ListItem\",\"position\":1,\"name\":\"Home\",\"item\":\"https:\/\/don-cicleto.ronindev.today\/fr\/\"},{\"@type\":\"ListItem\",\"position\":2,\"name\":\"Boutique\",\"item\":\"https:\/\/don-cicleto.ronindev.today\/fr\/boutique\/\"},{\"@type\":\"ListItem\",\"position\":3,\"name\":\"Mobilit\u00e9 Centre de cycle\"}]},{\"@type\":\"WebSite\",\"@id\":\"https:\/\/don-cicleto.ronindev.today\/fr\/#website\",\"url\":\"https:\/\/don-cicleto.ronindev.today\/fr\/\",\"name\":\"Don Cicleto\",\"description\":\"\",\"publisher\":{\"@id\":\"https:\/\/don-cicleto.ronindev.today\/fr\/#organization\"},\"potentialAction\":[{\"@type\":\"SearchAction\",\"target\":{\"@type\":\"EntryPoint\",\"urlTemplate\":\"https:\/\/don-cicleto.ronindev.today\/fr\/?s={search_term_string}\"},\"query-input\":\"required name=search_term_string\"}],\"inLanguage\":\"fr-FR\"},{\"@type\":\"Organization\",\"@id\":\"https:\/\/don-cicleto.ronindev.today\/fr\/#organization\",\"name\":\"Don Cicleto\",\"url\":\"https:\/\/don-cicleto.ronindev.today\/fr\/\",\"logo\":{\"@type\":\"ImageObject\",\"inLanguage\":\"fr-FR\",\"@id\":\"https:\/\/don-cicleto.ronindev.today\/fr\/#\/schema\/logo\/image\/\",\"url\":\"https:\/\/don-cicleto.ronindev.today\/wp-content\/uploads\/2023\/06\/Don-Cicleto-logo-txt.svg\",\"contentUrl\":\"https:\/\/don-cicleto.ronindev.today\/wp-content\/uploads\/2023\/06\/Don-Cicleto-logo-txt.svg\",\"width\":132,\"height\":32,\"caption\":\"Don Cicleto\"},\"image\":{\"@id\":\"https:\/\/don-cicleto.ronindev.today\/fr\/#\/schema\/logo\/image\/\"}}]}<\/script>\n<!-- \/ Yoast SEO plugin. -->","yoast_head_json":{"title":"Mobilit\u00e9 Centre de cycle - Don Cicleto","robots":{"index":"noindex","follow":"follow","max-snippet":"max-snippet:-1","max-image-preview":"max-image-preview:large","max-video-preview":"max-video-preview:-1"},"og_locale":"fr_FR","og_type":"article","og_title":"Mobilit\u00e9 Centre de cycle - Don Cicleto","og_description":"Nos plateformes cyclables Mobility sont con\u00e7ues pour les zones \u00e0 forte densit\u00e9 et \u00e0 fort trafic, telles que les gares, les a\u00e9roports ou les plateformes de transport. Il offre aux utilisateurs non seulement un endroit s\u00fbr, s\u00e9curis\u00e9 et couvert pour garer leur v\u00e9lo, mais aussi d&rsquo;autres services : stations de r\u00e9paration, chargeurs \u00e9lectriques, casiers, etc. [&hellip;]","og_url":"https:\/\/don-cicleto.ronindev.today\/fr\/produit\/mobilite-cycle-hub\/","og_site_name":"Don Cicleto","og_image":[{"width":1000,"height":661,"url":"https:\/\/don-cicleto.ronindev.today\/wp-content\/uploads\/2023\/08\/mobility-cycle2.jpeg","type":"image\/jpeg"}],"twitter_card":"summary_large_image","schema":{"@context":"https:\/\/schema.org","@graph":[{"@type":"WebPage","@id":"https:\/\/don-cicleto.ronindev.today\/fr\/produit\/mobilite-cycle-hub\/","url":"https:\/\/don-cicleto.ronindev.today\/fr\/produit\/mobilite-cycle-hub\/","name":"Mobilit\u00e9 Centre de cycle - Don Cicleto","isPartOf":{"@id":"https:\/\/don-cicleto.ronindev.today\/fr\/#website"},"datePublished":"2023-08-25T15:28:15+00:00","dateModified":"2023-08-25T15:28:15+00:00","breadcrumb":{"@id":"https:\/\/don-cicleto.ronindev.today\/fr\/produit\/mobilite-cycle-hub\/#breadcrumb"},"inLanguage":"fr-FR","potentialAction":[{"@type":"ReadAction","target":["https:\/\/don-cicleto.ronindev.today\/fr\/produit\/mobilite-cycle-hub\/"]}]},{"@type":"BreadcrumbList","@id":"https:\/\/don-cicleto.ronindev.today\/fr\/produit\/mobilite-cycle-hub\/#breadcrumb","itemListElement":[{"@type":"ListItem","position":1,"name":"Home","item":"https:\/\/don-cicleto.ronindev.today\/fr\/"},{"@type":"ListItem","position":2,"name":"Boutique","item":"https:\/\/don-cicleto.ronindev.today\/fr\/boutique\/"},{"@type":"ListItem","position":3,"name":"Mobilit\u00e9 Centre de cycle"}]},{"@type":"WebSite","@id":"https:\/\/don-cicleto.ronindev.today\/fr\/#website","url":"https:\/\/don-cicleto.ronindev.today\/fr\/","name":"Don Cicleto","description":"","publisher":{"@id":"https:\/\/don-cicleto.ronindev.today\/fr\/#organization"},"potentialAction":[{"@type":"SearchAction","target":{"@type":"EntryPoint","urlTemplate":"https:\/\/don-cicleto.ronindev.today\/fr\/?s={search_term_string}"},"query-input":"required name=search_term_string"}],"inLanguage":"fr-FR"},{"@type":"Organization","@id":"https:\/\/don-cicleto.ronindev.today\/fr\/#organization","name":"Don Cicleto","url":"https:\/\/don-cicleto.ronindev.today\/fr\/","logo":{"@type":"ImageObject","inLanguage":"fr-FR","@id":"https:\/\/don-cicleto.ronindev.today\/fr\/#\/schema\/logo\/image\/","url":"https:\/\/don-cicleto.ronindev.today\/wp-content\/uploads\/2023\/06\/Don-Cicleto-logo-txt.svg","contentUrl":"https:\/\/don-cicleto.ronindev.today\/wp-content\/uploads\/2023\/06\/Don-Cicleto-logo-txt.svg","width":132,"height":32,"caption":"Don Cicleto"},"image":{"@id":"https:\/\/don-cicleto.ronindev.today\/fr\/#\/schema\/logo\/image\/"}}]}},"_links":{"self":[{"href":"https:\/\/don-cicleto.ronindev.today\/fr\/wp-json\/wp\/v2\/product\/4164","targetHints":{"allow":["GET"]}}],"collection":[{"href":"https:\/\/don-cicleto.ronindev.today\/fr\/wp-json\/wp\/v2\/product"}],"about":[{"href":"https:\/\/don-cicleto.ronindev.today\/fr\/wp-json\/wp\/v2\/types\/product"}],"replies":[{"embeddable":true,"href":"https:\/\/don-cicleto.ronindev.today\/fr\/wp-json\/wp\/v2\/comments?post=4164"}],"wp:featuredmedia":[{"embeddable":true,"href":"https:\/\/don-cicleto.ronindev.today\/fr\/wp-json\/wp\/v2\/media\/3777"}],"wp:attachment":[{"href":"https:\/\/don-cicleto.ronindev.today\/fr\/wp-json\/wp\/v2\/media?parent=4164"}],"wp:term":[{"taxonomy":"product_cat","embeddable":true,"href":"https:\/\/don-cicleto.ronindev.today\/fr\/wp-json\/wp\/v2\/product_cat?post=4164"},{"taxonomy":"product_tag","embeddable":true,"href":"https:\/\/don-cicleto.ronindev.today\/fr\/wp-json\/wp\/v2\/product_tag?post=4164"}],"curies":[{"name":"wp","href":"https:\/\/api.w.org\/{rel}","templated":true}]}}