{"id":4284,"date":"2023-07-21T00:42:53","date_gmt":"2023-07-21T00:42:53","guid":{"rendered":"https:\/\/don-cicleto.ronindev.today\/product\/parkings-souterrains\/"},"modified":"2023-07-21T00:42:53","modified_gmt":"2023-07-21T00:42:53","slug":"cargo-box-xl","status":"publish","type":"product","link":"https:\/\/don-cicleto.ronindev.today\/fr\/produit\/cargo-box-xl\/","title":{"rendered":"Parkings souterrains"},"content":{"rendered":"<p><span style=\"font-weight: 400;\">Depuis 2015, nous transformons toutes sortes d&rsquo;espaces en supports pour v\u00e9los et scooters. Au total, pr\u00e8s de 70 installations dans toute l&rsquo;Espagne sont notre garantie. Nous avons transform\u00e9 des parkings, des lieux de travail, des centres commerciaux, etc.  <\/span><\/p>\n","protected":false},"excerpt":{"rendered":"<p>Depuis 2015, nous transformons toutes sortes d&rsquo;espaces en supports pour v\u00e9los et scooters. Au total, pr\u00e8s de 70 installations dans toute l&rsquo;Espagne sont notre garantie. Nous avons transform\u00e9 des parkings, des lieux de travail, des centres commerciaux, etc.<\/p>\n","protected":false},"featured_media":3585,"comment_status":"open","ping_status":"closed","template":"","meta":{"_links_to":"","_links_to_target":""},"product_cat":[67],"product_tag":[],"class_list":["post-4284","product","type-product","status-publish","has-post-thumbnail","hentry","product_cat-hangars-fr"],"acf":[],"yoast_head":"<!-- This site is optimized with the Yoast SEO plugin v21.4 - https:\/\/yoast.com\/wordpress\/plugins\/seo\/ -->\n<title>Parkings souterrains - Don Cicleto<\/title>\n<meta name=\"robots\" content=\"noindex, follow, max-snippet:-1, max-image-preview:large, max-video-preview:-1\" \/>\n<meta property=\"og:locale\" content=\"fr_FR\" \/>\n<meta property=\"og:type\" content=\"article\" \/>\n<meta property=\"og:title\" content=\"Parkings souterrains - Don Cicleto\" \/>\n<meta property=\"og:description\" content=\"Depuis 2015, nous transformons toutes sortes d&rsquo;espaces en supports pour v\u00e9los et scooters. Au total, pr\u00e8s de 70 installations dans toute l&rsquo;Espagne sont notre garantie. Nous avons transform\u00e9 des parkings, des lieux de travail, des centres commerciaux, etc.\" \/>\n<meta property=\"og:url\" content=\"https:\/\/don-cicleto.ronindev.today\/fr\/produit\/cargo-box-xl\/\" \/>\n<meta property=\"og:site_name\" content=\"Don Cicleto\" \/>\n<meta property=\"og:image\" content=\"https:\/\/don-cicleto.ronindev.today\/wp-content\/uploads\/2023\/08\/aparcamientos1-scaled.jpg\" \/>\n\t<meta property=\"og:image:width\" content=\"2560\" \/>\n\t<meta property=\"og:image:height\" content=\"1440\" \/>\n\t<meta property=\"og:image:type\" content=\"image\/jpeg\" \/>\n<meta name=\"twitter:card\" content=\"summary_large_image\" \/>\n<script type=\"application\/ld+json\" class=\"yoast-schema-graph\">{\"@context\":\"https:\/\/schema.org\",\"@graph\":[{\"@type\":\"WebPage\",\"@id\":\"https:\/\/don-cicleto.ronindev.today\/fr\/produit\/cargo-box-xl\/\",\"url\":\"https:\/\/don-cicleto.ronindev.today\/fr\/produit\/cargo-box-xl\/\",\"name\":\"Parkings souterrains - Don Cicleto\",\"isPartOf\":{\"@id\":\"https:\/\/don-cicleto.ronindev.today\/fr\/#website\"},\"datePublished\":\"2023-07-21T00:42:53+00:00\",\"dateModified\":\"2023-07-21T00:42:53+00:00\",\"breadcrumb\":{\"@id\":\"https:\/\/don-cicleto.ronindev.today\/fr\/produit\/cargo-box-xl\/#breadcrumb\"},\"inLanguage\":\"fr-FR\",\"potentialAction\":[{\"@type\":\"ReadAction\",\"target\":[\"https:\/\/don-cicleto.ronindev.today\/fr\/produit\/cargo-box-xl\/\"]}]},{\"@type\":\"BreadcrumbList\",\"@id\":\"https:\/\/don-cicleto.ronindev.today\/fr\/produit\/cargo-box-xl\/#breadcrumb\",\"itemListElement\":[{\"@type\":\"ListItem\",\"position\":1,\"name\":\"Home\",\"item\":\"https:\/\/don-cicleto.ronindev.today\/fr\/\"},{\"@type\":\"ListItem\",\"position\":2,\"name\":\"Boutique\",\"item\":\"https:\/\/don-cicleto.ronindev.today\/fr\/boutique\/\"},{\"@type\":\"ListItem\",\"position\":3,\"name\":\"Parkings souterrains\"}]},{\"@type\":\"WebSite\",\"@id\":\"https:\/\/don-cicleto.ronindev.today\/fr\/#website\",\"url\":\"https:\/\/don-cicleto.ronindev.today\/fr\/\",\"name\":\"Don Cicleto\",\"description\":\"\",\"publisher\":{\"@id\":\"https:\/\/don-cicleto.ronindev.today\/fr\/#organization\"},\"potentialAction\":[{\"@type\":\"SearchAction\",\"target\":{\"@type\":\"EntryPoint\",\"urlTemplate\":\"https:\/\/don-cicleto.ronindev.today\/fr\/?s={search_term_string}\"},\"query-input\":\"required name=search_term_string\"}],\"inLanguage\":\"fr-FR\"},{\"@type\":\"Organization\",\"@id\":\"https:\/\/don-cicleto.ronindev.today\/fr\/#organization\",\"name\":\"Don Cicleto\",\"url\":\"https:\/\/don-cicleto.ronindev.today\/fr\/\",\"logo\":{\"@type\":\"ImageObject\",\"inLanguage\":\"fr-FR\",\"@id\":\"https:\/\/don-cicleto.ronindev.today\/fr\/#\/schema\/logo\/image\/\",\"url\":\"https:\/\/don-cicleto.ronindev.today\/wp-content\/uploads\/2023\/06\/Don-Cicleto-logo-txt.svg\",\"contentUrl\":\"https:\/\/don-cicleto.ronindev.today\/wp-content\/uploads\/2023\/06\/Don-Cicleto-logo-txt.svg\",\"width\":132,\"height\":32,\"caption\":\"Don Cicleto\"},\"image\":{\"@id\":\"https:\/\/don-cicleto.ronindev.today\/fr\/#\/schema\/logo\/image\/\"}}]}<\/script>\n<!-- \/ Yoast SEO plugin. -->","yoast_head_json":{"title":"Parkings souterrains - Don Cicleto","robots":{"index":"noindex","follow":"follow","max-snippet":"max-snippet:-1","max-image-preview":"max-image-preview:large","max-video-preview":"max-video-preview:-1"},"og_locale":"fr_FR","og_type":"article","og_title":"Parkings souterrains - Don Cicleto","og_description":"Depuis 2015, nous transformons toutes sortes d&rsquo;espaces en supports pour v\u00e9los et scooters. Au total, pr\u00e8s de 70 installations dans toute l&rsquo;Espagne sont notre garantie. Nous avons transform\u00e9 des parkings, des lieux de travail, des centres commerciaux, etc.","og_url":"https:\/\/don-cicleto.ronindev.today\/fr\/produit\/cargo-box-xl\/","og_site_name":"Don Cicleto","og_image":[{"width":2560,"height":1440,"url":"https:\/\/don-cicleto.ronindev.today\/wp-content\/uploads\/2023\/08\/aparcamientos1-scaled.jpg","type":"image\/jpeg"}],"twitter_card":"summary_large_image","schema":{"@context":"https:\/\/schema.org","@graph":[{"@type":"WebPage","@id":"https:\/\/don-cicleto.ronindev.today\/fr\/produit\/cargo-box-xl\/","url":"https:\/\/don-cicleto.ronindev.today\/fr\/produit\/cargo-box-xl\/","name":"Parkings souterrains - Don Cicleto","isPartOf":{"@id":"https:\/\/don-cicleto.ronindev.today\/fr\/#website"},"datePublished":"2023-07-21T00:42:53+00:00","dateModified":"2023-07-21T00:42:53+00:00","breadcrumb":{"@id":"https:\/\/don-cicleto.ronindev.today\/fr\/produit\/cargo-box-xl\/#breadcrumb"},"inLanguage":"fr-FR","potentialAction":[{"@type":"ReadAction","target":["https:\/\/don-cicleto.ronindev.today\/fr\/produit\/cargo-box-xl\/"]}]},{"@type":"BreadcrumbList","@id":"https:\/\/don-cicleto.ronindev.today\/fr\/produit\/cargo-box-xl\/#breadcrumb","itemListElement":[{"@type":"ListItem","position":1,"name":"Home","item":"https:\/\/don-cicleto.ronindev.today\/fr\/"},{"@type":"ListItem","position":2,"name":"Boutique","item":"https:\/\/don-cicleto.ronindev.today\/fr\/boutique\/"},{"@type":"ListItem","position":3,"name":"Parkings souterrains"}]},{"@type":"WebSite","@id":"https:\/\/don-cicleto.ronindev.today\/fr\/#website","url":"https:\/\/don-cicleto.ronindev.today\/fr\/","name":"Don Cicleto","description":"","publisher":{"@id":"https:\/\/don-cicleto.ronindev.today\/fr\/#organization"},"potentialAction":[{"@type":"SearchAction","target":{"@type":"EntryPoint","urlTemplate":"https:\/\/don-cicleto.ronindev.today\/fr\/?s={search_term_string}"},"query-input":"required name=search_term_string"}],"inLanguage":"fr-FR"},{"@type":"Organization","@id":"https:\/\/don-cicleto.ronindev.today\/fr\/#organization","name":"Don Cicleto","url":"https:\/\/don-cicleto.ronindev.today\/fr\/","logo":{"@type":"ImageObject","inLanguage":"fr-FR","@id":"https:\/\/don-cicleto.ronindev.today\/fr\/#\/schema\/logo\/image\/","url":"https:\/\/don-cicleto.ronindev.today\/wp-content\/uploads\/2023\/06\/Don-Cicleto-logo-txt.svg","contentUrl":"https:\/\/don-cicleto.ronindev.today\/wp-content\/uploads\/2023\/06\/Don-Cicleto-logo-txt.svg","width":132,"height":32,"caption":"Don Cicleto"},"image":{"@id":"https:\/\/don-cicleto.ronindev.today\/fr\/#\/schema\/logo\/image\/"}}]}},"_links":{"self":[{"href":"https:\/\/don-cicleto.ronindev.today\/fr\/wp-json\/wp\/v2\/product\/4284","targetHints":{"allow":["GET"]}}],"collection":[{"href":"https:\/\/don-cicleto.ronindev.today\/fr\/wp-json\/wp\/v2\/product"}],"about":[{"href":"https:\/\/don-cicleto.ronindev.today\/fr\/wp-json\/wp\/v2\/types\/product"}],"replies":[{"embeddable":true,"href":"https:\/\/don-cicleto.ronindev.today\/fr\/wp-json\/wp\/v2\/comments?post=4284"}],"wp:featuredmedia":[{"embeddable":true,"href":"https:\/\/don-cicleto.ronindev.today\/fr\/wp-json\/wp\/v2\/media\/3585"}],"wp:attachment":[{"href":"https:\/\/don-cicleto.ronindev.today\/fr\/wp-json\/wp\/v2\/media?parent=4284"}],"wp:term":[{"taxonomy":"product_cat","embeddable":true,"href":"https:\/\/don-cicleto.ronindev.today\/fr\/wp-json\/wp\/v2\/product_cat?post=4284"},{"taxonomy":"product_tag","embeddable":true,"href":"https:\/\/don-cicleto.ronindev.today\/fr\/wp-json\/wp\/v2\/product_tag?post=4284"}],"curies":[{"name":"wp","href":"https:\/\/api.w.org\/{rel}","templated":true}]}}