{"id":4304,"date":"2023-07-21T00:34:33","date_gmt":"2023-07-21T00:34:33","guid":{"rendered":"https:\/\/don-cicleto.ronindev.today\/product\/bicihangar-rocket\/"},"modified":"2023-07-21T00:34:33","modified_gmt":"2023-07-21T00:34:33","slug":"bicihangar-rocket","status":"publish","type":"product","link":"https:\/\/don-cicleto.ronindev.today\/fr\/produit\/bicihangar-rocket\/","title":{"rendered":"Bicihangar Rocket"},"content":{"rendered":"<p><span style=\"font-weight: 400;\">Con\u00e7u, d\u00e9velopp\u00e9 et fabriqu\u00e9 par Don Cicleto, le Bicihangar Rocket est une solution parfaite pour garer en toute s\u00e9curit\u00e9 des v\u00e9los et des scooters dans n&rsquo;importe quel type d&rsquo;espace, en les prot\u00e9geant du vol, du vandalisme et des conditions m\u00e9t\u00e9orologiques d\u00e9favorables.<\/span><\/p>\n<p>&nbsp;<\/p>\n<p><span style=\"font-weight: 400;\">Il occupe la moiti\u00e9 de l&rsquo;espace d&rsquo;une voiture, ce qui facilite son d\u00e9ploiement dans les villes et son installation dans tout type de lieu.  <\/span><\/p>\n<p>&nbsp;<\/p>\n<p><span style=\"font-weight: 400;\">Il est autonome et ne n\u00e9cessite pas de travaux de g\u00e9nie civil, ce qui permet une installation et un d\u00e9ploiement rapides dans les villes, ainsi qu&rsquo;une relocalisation ais\u00e9e.<\/span><\/p>\n<p>&nbsp;<\/p>\n<p><span style=\"font-weight: 400;\">Le Bicihangar Rocket a re\u00e7u des prix internationaux d\u00e9cern\u00e9s par les organisations les plus prestigieuses du monde du cyclisme et de la micro-mobilit\u00e9 :<\/span><\/p>\n<p>&nbsp;<\/p>\n<ul>\n<li style=\"list-style-type: none;\">\n<ul>\n<li style=\"font-weight: 400;\" aria-level=\"1\"><a href=\"https:\/\/ecf.com\/\"><br \/>\n  <b>F\u00e9d\u00e9ration europ\u00e9enne des cyclistes<\/b><br \/>\n<\/a><span style=\"font-weight: 400;\">La F\u00e9d\u00e9ration europ\u00e9enne des cyclistes : elle rassemble les associations cyclistes au niveau europ\u00e9en et repr\u00e9sente les int\u00e9r\u00eats des cyclistes aupr\u00e8s du Parlement europ\u00e9en.<\/span><\/li>\n<li style=\"font-weight: 400;\" aria-level=\"1\"><a href=\"https:\/\/cyclingindustries.com\/\"><br \/>\n  <b>Industries cyclistes Europe<\/b><br \/>\n<\/a><span style=\"font-weight: 400;\">Cyclist Industries Europe : l&rsquo;organisation fa\u00eeti\u00e8re du secteur priv\u00e9 du cyclisme en Europe.<\/span><\/li>\n<li style=\"font-weight: 400;\" aria-level=\"1\"><a href=\"https:\/\/www.eiturbanmobility.eu\/\"><br \/>\n  <b>EIT Urban Mobility<\/b><br \/>\n<\/a><span style=\"font-weight: 400;\">EIT Urban Mobility : association sous l&rsquo;\u00e9gide de l&rsquo;Union europ\u00e9enne pour promouvoir l&rsquo;innovation dans les transports. <\/span> <\/li>\n<li style=\"font-weight: 400;\" aria-level=\"1\"><a href=\"https:\/\/www.ciudadesporlabicicleta.org\/\"><b>R\u00e9seau des villes pour le v\u00e9lo<\/b><\/a><\/li>\n<li style=\"font-weight: 400;\" aria-level=\"1\"><a href=\"https:\/\/www.movilidadsostenible.com.es\/\"><b>Entreprises pour la mobilit\u00e9 durable<\/b><\/a><\/li>\n<\/ul>\n<\/li>\n<\/ul>\n<p>&nbsp;<\/p>\n","protected":false},"excerpt":{"rendered":"<p>Con\u00e7u, d\u00e9velopp\u00e9 et fabriqu\u00e9 par Don Cicleto, le Bicihangar Rocket est une solution parfaite pour garer en toute s\u00e9curit\u00e9 des v\u00e9los et des scooters dans n&rsquo;importe quel type d&rsquo;espace, en les prot\u00e9geant du vol, du vandalisme et des conditions m\u00e9t\u00e9orologiques d\u00e9favorables. &nbsp; Il occupe la moiti\u00e9 de l&rsquo;espace d&rsquo;une voiture, ce qui facilite son d\u00e9ploiement [&hellip;]<\/p>\n","protected":false},"featured_media":3579,"comment_status":"open","ping_status":"closed","template":"","meta":{"_links_to":"","_links_to_target":""},"product_cat":[67],"product_tag":[],"class_list":["post-4304","product","type-product","status-publish","has-post-thumbnail","hentry","product_cat-hangars-fr"],"acf":[],"yoast_head":"<!-- This site is optimized with the Yoast SEO plugin v21.4 - https:\/\/yoast.com\/wordpress\/plugins\/seo\/ -->\n<title>Bicihangar Rocket - Don Cicleto<\/title>\n<meta name=\"robots\" content=\"noindex, follow, max-snippet:-1, max-image-preview:large, max-video-preview:-1\" \/>\n<meta property=\"og:locale\" content=\"fr_FR\" \/>\n<meta property=\"og:type\" content=\"article\" \/>\n<meta property=\"og:title\" content=\"Bicihangar Rocket - Don Cicleto\" \/>\n<meta property=\"og:description\" content=\"Con\u00e7u, d\u00e9velopp\u00e9 et fabriqu\u00e9 par Don Cicleto, le Bicihangar Rocket est une solution parfaite pour garer en toute s\u00e9curit\u00e9 des v\u00e9los et des scooters dans n&rsquo;importe quel type d&rsquo;espace, en les prot\u00e9geant du vol, du vandalisme et des conditions m\u00e9t\u00e9orologiques d\u00e9favorables. &nbsp; Il occupe la moiti\u00e9 de l&rsquo;espace d&rsquo;une voiture, ce qui facilite son d\u00e9ploiement [&hellip;]\" \/>\n<meta property=\"og:url\" content=\"https:\/\/don-cicleto.ronindev.today\/fr\/produit\/bicihangar-rocket\/\" \/>\n<meta property=\"og:site_name\" content=\"Don Cicleto\" \/>\n<meta property=\"og:image\" content=\"https:\/\/don-cicleto.ronindev.today\/wp-content\/uploads\/2023\/08\/bicihangar6-scaled.jpg\" \/>\n\t<meta property=\"og:image:width\" content=\"2560\" \/>\n\t<meta property=\"og:image:height\" content=\"1920\" \/>\n\t<meta property=\"og:image:type\" content=\"image\/jpeg\" \/>\n<meta name=\"twitter:card\" content=\"summary_large_image\" \/>\n<meta name=\"twitter:label1\" content=\"Dur\u00e9e de lecture estim\u00e9e\" \/>\n\t<meta name=\"twitter:data1\" content=\"1 minute\" \/>\n<script type=\"application\/ld+json\" class=\"yoast-schema-graph\">{\"@context\":\"https:\/\/schema.org\",\"@graph\":[{\"@type\":\"WebPage\",\"@id\":\"https:\/\/don-cicleto.ronindev.today\/fr\/produit\/bicihangar-rocket\/\",\"url\":\"https:\/\/don-cicleto.ronindev.today\/fr\/produit\/bicihangar-rocket\/\",\"name\":\"Bicihangar Rocket - Don Cicleto\",\"isPartOf\":{\"@id\":\"https:\/\/don-cicleto.ronindev.today\/fr\/#website\"},\"datePublished\":\"2023-07-21T00:34:33+00:00\",\"dateModified\":\"2023-07-21T00:34:33+00:00\",\"breadcrumb\":{\"@id\":\"https:\/\/don-cicleto.ronindev.today\/fr\/produit\/bicihangar-rocket\/#breadcrumb\"},\"inLanguage\":\"fr-FR\",\"potentialAction\":[{\"@type\":\"ReadAction\",\"target\":[\"https:\/\/don-cicleto.ronindev.today\/fr\/produit\/bicihangar-rocket\/\"]}]},{\"@type\":\"BreadcrumbList\",\"@id\":\"https:\/\/don-cicleto.ronindev.today\/fr\/produit\/bicihangar-rocket\/#breadcrumb\",\"itemListElement\":[{\"@type\":\"ListItem\",\"position\":1,\"name\":\"Home\",\"item\":\"https:\/\/don-cicleto.ronindev.today\/fr\/\"},{\"@type\":\"ListItem\",\"position\":2,\"name\":\"Boutique\",\"item\":\"https:\/\/don-cicleto.ronindev.today\/fr\/boutique\/\"},{\"@type\":\"ListItem\",\"position\":3,\"name\":\"Bicihangar Rocket\"}]},{\"@type\":\"WebSite\",\"@id\":\"https:\/\/don-cicleto.ronindev.today\/fr\/#website\",\"url\":\"https:\/\/don-cicleto.ronindev.today\/fr\/\",\"name\":\"Don Cicleto\",\"description\":\"\",\"publisher\":{\"@id\":\"https:\/\/don-cicleto.ronindev.today\/fr\/#organization\"},\"potentialAction\":[{\"@type\":\"SearchAction\",\"target\":{\"@type\":\"EntryPoint\",\"urlTemplate\":\"https:\/\/don-cicleto.ronindev.today\/fr\/?s={search_term_string}\"},\"query-input\":\"required name=search_term_string\"}],\"inLanguage\":\"fr-FR\"},{\"@type\":\"Organization\",\"@id\":\"https:\/\/don-cicleto.ronindev.today\/fr\/#organization\",\"name\":\"Don Cicleto\",\"url\":\"https:\/\/don-cicleto.ronindev.today\/fr\/\",\"logo\":{\"@type\":\"ImageObject\",\"inLanguage\":\"fr-FR\",\"@id\":\"https:\/\/don-cicleto.ronindev.today\/fr\/#\/schema\/logo\/image\/\",\"url\":\"https:\/\/don-cicleto.ronindev.today\/wp-content\/uploads\/2023\/06\/Don-Cicleto-logo-txt.svg\",\"contentUrl\":\"https:\/\/don-cicleto.ronindev.today\/wp-content\/uploads\/2023\/06\/Don-Cicleto-logo-txt.svg\",\"width\":132,\"height\":32,\"caption\":\"Don Cicleto\"},\"image\":{\"@id\":\"https:\/\/don-cicleto.ronindev.today\/fr\/#\/schema\/logo\/image\/\"}}]}<\/script>\n<!-- \/ Yoast SEO plugin. -->","yoast_head_json":{"title":"Bicihangar Rocket - Don Cicleto","robots":{"index":"noindex","follow":"follow","max-snippet":"max-snippet:-1","max-image-preview":"max-image-preview:large","max-video-preview":"max-video-preview:-1"},"og_locale":"fr_FR","og_type":"article","og_title":"Bicihangar Rocket - Don Cicleto","og_description":"Con\u00e7u, d\u00e9velopp\u00e9 et fabriqu\u00e9 par Don Cicleto, le Bicihangar Rocket est une solution parfaite pour garer en toute s\u00e9curit\u00e9 des v\u00e9los et des scooters dans n&rsquo;importe quel type d&rsquo;espace, en les prot\u00e9geant du vol, du vandalisme et des conditions m\u00e9t\u00e9orologiques d\u00e9favorables. &nbsp; Il occupe la moiti\u00e9 de l&rsquo;espace d&rsquo;une voiture, ce qui facilite son d\u00e9ploiement [&hellip;]","og_url":"https:\/\/don-cicleto.ronindev.today\/fr\/produit\/bicihangar-rocket\/","og_site_name":"Don Cicleto","og_image":[{"width":2560,"height":1920,"url":"https:\/\/don-cicleto.ronindev.today\/wp-content\/uploads\/2023\/08\/bicihangar6-scaled.jpg","type":"image\/jpeg"}],"twitter_card":"summary_large_image","twitter_misc":{"Dur\u00e9e de lecture estim\u00e9e":"1 minute"},"schema":{"@context":"https:\/\/schema.org","@graph":[{"@type":"WebPage","@id":"https:\/\/don-cicleto.ronindev.today\/fr\/produit\/bicihangar-rocket\/","url":"https:\/\/don-cicleto.ronindev.today\/fr\/produit\/bicihangar-rocket\/","name":"Bicihangar Rocket - Don Cicleto","isPartOf":{"@id":"https:\/\/don-cicleto.ronindev.today\/fr\/#website"},"datePublished":"2023-07-21T00:34:33+00:00","dateModified":"2023-07-21T00:34:33+00:00","breadcrumb":{"@id":"https:\/\/don-cicleto.ronindev.today\/fr\/produit\/bicihangar-rocket\/#breadcrumb"},"inLanguage":"fr-FR","potentialAction":[{"@type":"ReadAction","target":["https:\/\/don-cicleto.ronindev.today\/fr\/produit\/bicihangar-rocket\/"]}]},{"@type":"BreadcrumbList","@id":"https:\/\/don-cicleto.ronindev.today\/fr\/produit\/bicihangar-rocket\/#breadcrumb","itemListElement":[{"@type":"ListItem","position":1,"name":"Home","item":"https:\/\/don-cicleto.ronindev.today\/fr\/"},{"@type":"ListItem","position":2,"name":"Boutique","item":"https:\/\/don-cicleto.ronindev.today\/fr\/boutique\/"},{"@type":"ListItem","position":3,"name":"Bicihangar Rocket"}]},{"@type":"WebSite","@id":"https:\/\/don-cicleto.ronindev.today\/fr\/#website","url":"https:\/\/don-cicleto.ronindev.today\/fr\/","name":"Don Cicleto","description":"","publisher":{"@id":"https:\/\/don-cicleto.ronindev.today\/fr\/#organization"},"potentialAction":[{"@type":"SearchAction","target":{"@type":"EntryPoint","urlTemplate":"https:\/\/don-cicleto.ronindev.today\/fr\/?s={search_term_string}"},"query-input":"required name=search_term_string"}],"inLanguage":"fr-FR"},{"@type":"Organization","@id":"https:\/\/don-cicleto.ronindev.today\/fr\/#organization","name":"Don Cicleto","url":"https:\/\/don-cicleto.ronindev.today\/fr\/","logo":{"@type":"ImageObject","inLanguage":"fr-FR","@id":"https:\/\/don-cicleto.ronindev.today\/fr\/#\/schema\/logo\/image\/","url":"https:\/\/don-cicleto.ronindev.today\/wp-content\/uploads\/2023\/06\/Don-Cicleto-logo-txt.svg","contentUrl":"https:\/\/don-cicleto.ronindev.today\/wp-content\/uploads\/2023\/06\/Don-Cicleto-logo-txt.svg","width":132,"height":32,"caption":"Don Cicleto"},"image":{"@id":"https:\/\/don-cicleto.ronindev.today\/fr\/#\/schema\/logo\/image\/"}}]}},"_links":{"self":[{"href":"https:\/\/don-cicleto.ronindev.today\/fr\/wp-json\/wp\/v2\/product\/4304","targetHints":{"allow":["GET"]}}],"collection":[{"href":"https:\/\/don-cicleto.ronindev.today\/fr\/wp-json\/wp\/v2\/product"}],"about":[{"href":"https:\/\/don-cicleto.ronindev.today\/fr\/wp-json\/wp\/v2\/types\/product"}],"replies":[{"embeddable":true,"href":"https:\/\/don-cicleto.ronindev.today\/fr\/wp-json\/wp\/v2\/comments?post=4304"}],"wp:featuredmedia":[{"embeddable":true,"href":"https:\/\/don-cicleto.ronindev.today\/fr\/wp-json\/wp\/v2\/media\/3579"}],"wp:attachment":[{"href":"https:\/\/don-cicleto.ronindev.today\/fr\/wp-json\/wp\/v2\/media?parent=4304"}],"wp:term":[{"taxonomy":"product_cat","embeddable":true,"href":"https:\/\/don-cicleto.ronindev.today\/fr\/wp-json\/wp\/v2\/product_cat?post=4304"},{"taxonomy":"product_tag","embeddable":true,"href":"https:\/\/don-cicleto.ronindev.today\/fr\/wp-json\/wp\/v2\/product_tag?post=4304"}],"curies":[{"name":"wp","href":"https:\/\/api.w.org\/{rel}","templated":true}]}}