{"id":4491,"date":"2023-06-09T17:30:32","date_gmt":"2023-06-09T17:30:32","guid":{"rendered":"https:\/\/don-cicleto.ronindev.today\/informativa-sulla-privacy\/"},"modified":"2023-10-11T18:08:04","modified_gmt":"2023-10-11T18:08:04","slug":"informativa-sulla-privacy","status":"publish","type":"page","link":"https:\/\/don-cicleto.ronindev.today\/it\/informativa-sulla-privacy\/","title":{"rendered":"Informativa sulla privacy"},"content":{"rendered":"\t\t<div data-elementor-type=\"wp-page\" data-elementor-id=\"4491\" class=\"elementor elementor-4491 elementor-3\" data-elementor-post-type=\"page\">\n\t\t\t\t\t\t\t<div class=\"elementor-element elementor-element-937bbb7 e-con-full e-flex elementor-invisible e-con e-parent\" data-id=\"937bbb7\" data-element_type=\"container\" data-settings=\"{&quot;content_width&quot;:&quot;full&quot;,&quot;animation&quot;:&quot;fadeIn&quot;,&quot;container_type&quot;:&quot;flex&quot;}\" data-core-v316-plus=\"true\">\n\t\t<div class=\"elementor-element elementor-element-5cc6a54 e-flex e-con-boxed e-con e-parent\" data-id=\"5cc6a54\" data-element_type=\"container\" data-settings=\"{&quot;container_type&quot;:&quot;flex&quot;,&quot;content_width&quot;:&quot;boxed&quot;}\" data-core-v316-plus=\"true\">\n\t\t\t\t\t<div class=\"e-con-inner\">\n\t\t\t\t<div class=\"elementor-element elementor-element-144c65b elementor-widget elementor-widget-heading\" data-id=\"144c65b\" data-element_type=\"widget\" data-widget_type=\"heading.default\">\n\t\t\t\t<div class=\"elementor-widget-container\">\n\t\t\t<style>\/*! elementor - v3.17.0 - 25-10-2023 *\/\n.elementor-heading-title{padding:0;margin:0;line-height:1}.elementor-widget-heading .elementor-heading-title[class*=elementor-size-]>a{color:inherit;font-size:inherit;line-height:inherit}.elementor-widget-heading .elementor-heading-title.elementor-size-small{font-size:15px}.elementor-widget-heading .elementor-heading-title.elementor-size-medium{font-size:19px}.elementor-widget-heading .elementor-heading-title.elementor-size-large{font-size:29px}.elementor-widget-heading .elementor-heading-title.elementor-size-xl{font-size:39px}.elementor-widget-heading .elementor-heading-title.elementor-size-xxl{font-size:59px}<\/style><h2 class=\"elementor-heading-title elementor-size-default\">Informativa sulla privacy<\/h2>\t\t<\/div>\n\t\t\t\t<\/div>\n\t\t\t\t\t<\/div>\n\t\t\t\t<\/div>\n\t\t\t\t<\/div>\n\t\t<div class=\"elementor-element elementor-element-f51b926 e-flex e-con-boxed e-con e-parent\" data-id=\"f51b926\" data-element_type=\"container\" data-settings=\"{&quot;container_type&quot;:&quot;flex&quot;,&quot;content_width&quot;:&quot;boxed&quot;}\" data-core-v316-plus=\"true\">\n\t\t\t\t\t<div class=\"e-con-inner\">\n\t\t\t\t<div class=\"elementor-element elementor-element-763e821 elementor-widget elementor-widget-text-editor\" data-id=\"763e821\" data-element_type=\"widget\" data-widget_type=\"text-editor.default\">\n\t\t\t\t<div class=\"elementor-widget-container\">\n\t\t\t<style>\/*! elementor - v3.17.0 - 25-10-2023 *\/\n.elementor-widget-text-editor.elementor-drop-cap-view-stacked .elementor-drop-cap{background-color:#69727d;color:#fff}.elementor-widget-text-editor.elementor-drop-cap-view-framed .elementor-drop-cap{color:#69727d;border:3px solid;background-color:transparent}.elementor-widget-text-editor:not(.elementor-drop-cap-view-default) .elementor-drop-cap{margin-top:8px}.elementor-widget-text-editor:not(.elementor-drop-cap-view-default) .elementor-drop-cap-letter{width:1em;height:1em}.elementor-widget-text-editor .elementor-drop-cap{float:left;text-align:center;line-height:1;font-size:50px}.elementor-widget-text-editor .elementor-drop-cap-letter{display:inline-block}<\/style>\t\t\t\t<p><strong>Nota legale e informativa sulla privacy<\/strong><\/p>\n<p>In conformit\u00e0 con la Legge 34\/2002, dell&#8217;11 luglio, sui Servizi della Societ\u00e0 dell&#8217;Informazione e del Commercio Elettronico, vi informiamo che DON CICLETO S.L., con sede legale in CALLE PE\u00d1AFIEL 17, 28019, MADRID; con codice fiscale B87258786, \u00e8 il proprietario del sito web http:\/\/www.doncicleto.com\/ (di seguito il sito web). In conformit\u00e0 alle disposizioni del Regolamento (UE) 2016\/679 del 27 aprile relativo alla protezione delle persone fisiche con riguardo al trattamento dei dati personali, nonch\u00e9 alla libera circolazione di tali dati (di seguito GDPR).<\/p>\n<p><strong>Chi \u00e8 responsabile del trattamento dei vostri dati?<\/strong><br>Nome: DON CICLETO S.L.<br>PARTITA IVA: B87258786<br>Indirizzo: CALLE BAIL\u00c9N 7, 28280 EL ESCORIAL<br>Telefono: 744 400 546<br>Email: <span style=\"color: #00c1d5;\">\n  <a style=\"color: #00c1d5;\" href=\"mailto:hola@doncicleto.com\">hola@doncicleto.com<\/a>\n<\/span><\/p>\n<p><strong>Per quali finalit\u00e0 trattiamo i vostri dati personali?<br><\/strong>I vostri dati personali saranno utilizzati esclusivamente per i seguenti scopi:<\/p>\n<ul>\n<li>Se siete utenti del sito web, utilizziamo i vostri dati per la gestione di dubbi, domande o altre richieste sui nostri servizi.<\/li>\n<li>Se siete un potenziale cliente o utente:<br>Per l&#8217;invio di preventivi.<br>Per inviare comunicazioni e offerte promozionali relative al servizio.<\/li>\n<li>Se siete clienti:<br>Per la gestione amministrativa e fiscale.<br>Gestione dei parcheggi, tariffazione del servizio.<br>Per inviare comunicazioni e offerte promozionali relative al servizio.<\/li>\n<\/ul>\n<p> <\/p>\n<p><strong>Qual \u00e8 la legittimit\u00e0 del trattamento dei vostri dati personali?<\/strong><\/p>\n<ul>\n<li>Se siete un utente del sito web (domande, domande generali):<br>Consenso esplicito dell&#8217;utente attraverso la selezione della casella di controllo della registrazione in cui verifica il proprio consenso.<\/li>\n<li>Se siete un potenziale cliente:<br>La base giuridica della finalit\u00e0 principale \u00e8 l&#8217;esecuzione di misure precontrattuali.<\/li>\n<li>Se siete clienti:<br>La base giuridica dello scopo principale \u00e8 l&#8217;esecuzione del contratto.<\/li>\n<li>Per tutti i casi:<br>La base giuridica per l&#8217;invio di comunicazioni e offerte promozionali \u00e8 il consenso espresso nel checkout del nostro sito web.<\/li>\n<\/ul>\n<p> <\/p>\n<p><strong>Per quanto tempo conserver\u00f2 i vostri dati personali?<\/strong><\/p>\n<p>UN ANNO di connessioni Internet al nostro sito web, e-mail e telefonate vocali.<br>Nel caso in cui l&#8217;utente si rivolga a noi, i suoi dati saranno conservati da noi fino al termine degli obblighi legali che ne derivano.<\/p>\n<p><strong>Come ho ottenuto i vostri dati personali?<br><\/strong>I dati ottenuti non sono stati forniti da voi.<\/p>\n<p><strong>A quali destinatari saranno comunicati i vostri dati personali?<br><\/strong>Se si tratta di un cliente, pu\u00f2 essere comunicato alle amministrazioni competenti in materia.<\/p>\n<p><strong>Qual \u00e8 la legittimazione per la comunicazione dei vostri dati personali?<br><\/strong>Conformit\u00e0 agli obblighi di legge.<\/p>\n<p><br><strong>Quali sono i vostri diritti quando mi fornite i vostri dati personali?<br><\/strong>Ogni interessato pu\u00f2 richiedere l&#8217;esercizio dei seguenti diritti:<\/p>\n<ul>\n<li>Diritto di accesso: l&#8217;interessato ha il diritto di ottenere la conferma che sia o meno in corso un trattamento di dati personali che lo riguardano.<\/li>\n<li>Diritto di rettifica: L&#8217;interessato ha il diritto di ottenere la rettifica di dati personali inesatti o incompleti che lo riguardano.<\/li>\n<li>Diritto di cancellazione: l&#8217;interessato ha il diritto di ottenere la cancellazione dei dati personali che lo riguardano qualora non siano pi\u00f9 necessari per le finalit\u00e0 per cui sono stati raccolti o altrimenti trattati.<\/li>\n<li>Diritto di limitazione: potete richiedere la limitazione del trattamento dei vostri dati personali, nel qual caso li conserveremo solo per l&#8217;esercizio o la difesa dei diritti.<\/li>\n<li>Diritto alla portabilit\u00e0 dei dati: Con il quale potete chiederci di trasferire i vostri dati personali automatizzati a qualsiasi altra societ\u00e0 da voi indicata in un formato strutturato, comprensibile e automatizzato.<\/li>\n<li>Diritto di revoca del consenso: l&#8217;utente ha il diritto di revocare il consenso in qualsiasi momento, senza pregiudicare la liceit\u00e0 del trattamento basato sul consenso prima della sua revoca.<\/li>\n<li>Diritto di opposizione: L&#8217;interessato ha il diritto di opporsi al trattamento dei propri dati.<\/li>\n<\/ul>\n<p> <\/p>\n<p><strong>Come si possono esercitare questi diritti?<br><\/strong>Su richiesta, mettiamo a disposizione dell&#8217;utente i moduli per l&#8217;esercizio di tali diritti. Potete contattarci all&#8217;indirizzo <span style=\"color: #00c1d5;\">\n  <a style=\"color: #00c1d5;\" href=\"mailto:hola@doncicleto.com\">hola@doncicleto.com<\/a>\n<\/span> indicando il diritto che desiderate esercitare e vi invieremo il modulo corrispondente. L&#8217;esercizio di tali diritti deve essere effettuato mediante comunicazione inviata all&#8217;indirizzo e-mail hola@doncicleto.com o all&#8217;indirizzo postale.<\/p>\n<p><strong>Chi pu\u00f2 esercitare i diritti?<\/strong><br>I diritti degli interessati sono molto personali, pertanto saranno esercitati dal titolare dei dati, accreditandone debitamente l&#8217;identit\u00e0 (a tal fine sar\u00e0 richiesto il documento di identit\u00e0 o un documento equivalente).<br>Pu\u00f2 essere esercitata anche attraverso la rappresentanza legale, nel qual caso, oltre alla carta d&#8217;identit\u00e0 dell&#8217;interessato o a un documento equivalente, \u00e8 necessario fornire la carta d&#8217;identit\u00e0 e un documento autentico che accrediti la rappresentanza del terzo.<\/p>\n<p><strong>Quali saranno i nostri obblighi quando eserciterete uno dei diritti?<br><\/strong>Il responsabile del trattamento deve rispondere alla richiesta rivoltagli in ogni caso, indipendentemente dal fatto che i dati personali dell&#8217;interessato o della persona interessata siano o meno inclusi nei suoi trattamenti.<br>Nel caso in cui la richiesta non soddisfi i requisiti specificati, il titolare del trattamento chieder\u00e0 la correzione della stessa.<br>Il responsabile del trattamento risponde alle richieste entro un mese dal ricevimento della richiesta. Questo periodo pu\u00f2 essere prorogato di altri due mesi se necessario, tenendo conto della complessit\u00e0 e del numero di domande. Il titolare del trattamento informa l&#8217;interessato di tale proroga entro un mese dal ricevimento della richiesta, indicando i motivi del ritardo.<\/p>\n<p><strong>Diritto di proporre reclamo all&#8217;autorit\u00e0 di controllo<br><\/strong>L&#8217;utente pu\u00f2 chiedere la tutela dei diritti che non sono stati debitamente trattati all&#8217;Agenzia spagnola di protezione dei dati (Agencia Espa\u00f1ola de Protecci\u00f3n de Datos). Sia attraverso la sede elettronica del suo portale web (<span style=\"color: #00c1d5;\">\n  <a style=\"color: #00c1d5;\" href=\"http:\/\/www.agpd.es\">www.agpd.es<\/a>\n<\/span>), oppure scrivendo al suo indirizzo postale (C\/ Jorge Juan, 6, 28001-Madrid).<\/p>\n<p><strong>Quali informazioni raccogliamo?<\/strong><br>In generale, l&#8217;utente pu\u00f2 utilizzare il Sito senza fornire alcuna informazione personale. L&#8217;Utente \u00e8 l&#8217;unico responsabile di eventuali dichiarazioni false o inesatte e dei danni che tali dichiarazioni possono causare.<\/p>\n<p><strong>Quali misure adottiamo per garantire la sicurezza dei vostri dati?<\/strong><br>Adottiamo misure tecniche e fisiche ragionevoli per proteggere le informazioni raccolte attraverso il sito web.<br>A questo proposito, applichiamo misure di sicurezza di base:<\/p>\n<ul>\n<li>Controllo dell&#8217;accesso fisico.<\/li>\n<li>Controllo dell&#8217;accesso logico.<\/li>\n<li>Identificazione e autenticazione.<\/li>\n<li>Protezione contro il codice nocivo.<\/li>\n<li>Protezione degli impianti.<\/li>\n<li>Copie di riserva.<\/li>\n<li>Gestione degli incidenti.<\/li>\n<li>Gestione e distruzione dei supporti.<\/li>\n<\/ul>\t\t\t\t\t\t<\/div>\n\t\t\t\t<\/div>\n\t\t\t\t<div class=\"elementor-element elementor-element-2ff1bd5 elementor-absolute elementor-widget elementor-widget-image\" data-id=\"2ff1bd5\" data-element_type=\"widget\" data-settings=\"{&quot;_position&quot;:&quot;absolute&quot;}\" data-widget_type=\"image.default\">\n\t\t\t\t<div class=\"elementor-widget-container\">\n\t\t\t<style>\/*! elementor - v3.17.0 - 25-10-2023 *\/\n.elementor-widget-image{text-align:center}.elementor-widget-image a{display:inline-block}.elementor-widget-image a img[src$=\".svg\"]{width:48px}.elementor-widget-image img{vertical-align:middle;display:inline-block}<\/style>\t\t\t\t\t\t\t\t\t\t\t\t<img decoding=\"async\" width=\"500\" height=\"500\" src=\"https:\/\/don-cicleto.ronindev.today\/wp-content\/uploads\/2023\/06\/Don-Cicleto-circulo-amarillo.svg\" class=\"attachment-full size-full wp-image-104\" alt=\"\" \/>\t\t\t\t\t\t\t\t\t\t\t\t\t\t\t<\/div>\n\t\t\t\t<\/div>\n\t\t\t\t\t<\/div>\n\t\t\t\t<\/div>\n\t\t\t\t\t\t\t<\/div>\n\t\t","protected":false},"excerpt":{"rendered":"<p>Informativa sulla privacy Nota legale e informativa sulla privacy In conformit\u00e0 con la Legge 34\/2002, dell&#8217;11 luglio, sui Servizi della Societ\u00e0 dell&#8217;Informazione e del Commercio Elettronico, vi informiamo che DON CICLETO S.L., con sede legale in CALLE PE\u00d1AFIEL 17, 28019, MADRID; con codice fiscale B87258786, \u00e8 il proprietario del sito web http:\/\/www.doncicleto.com\/ (di seguito il [&hellip;]<\/p>\n","protected":false},"author":1,"featured_media":0,"parent":0,"menu_order":0,"comment_status":"closed","ping_status":"open","template":"","meta":{"footnotes":"","_links_to":"","_links_to_target":""},"class_list":["post-4491","page","type-page","status-publish","hentry"],"acf":[],"yoast_head":"<!-- This site is optimized with the Yoast SEO plugin v21.4 - https:\/\/yoast.com\/wordpress\/plugins\/seo\/ -->\n<title>Informativa sulla privacy - Don Cicleto<\/title>\n<meta name=\"robots\" content=\"noindex, follow, max-snippet:-1, max-image-preview:large, max-video-preview:-1\" \/>\n<meta property=\"og:locale\" content=\"it_IT\" \/>\n<meta property=\"og:type\" content=\"article\" \/>\n<meta property=\"og:title\" content=\"Informativa sulla privacy - Don Cicleto\" \/>\n<meta property=\"og:description\" content=\"Informativa sulla privacy Nota legale e informativa sulla privacy In conformit\u00e0 con la Legge 34\/2002, dell&#8217;11 luglio, sui Servizi della Societ\u00e0 dell&#8217;Informazione e del Commercio Elettronico, vi informiamo che DON CICLETO S.L., con sede legale in CALLE PE\u00d1AFIEL 17, 28019, MADRID; con codice fiscale B87258786, \u00e8 il proprietario del sito web http:\/\/www.doncicleto.com\/ (di seguito il [&hellip;]\" \/>\n<meta property=\"og:url\" content=\"https:\/\/don-cicleto.ronindev.today\/it\/informativa-sulla-privacy\/\" \/>\n<meta property=\"og:site_name\" content=\"Don Cicleto\" \/>\n<meta property=\"article:modified_time\" content=\"2023-10-11T18:08:04+00:00\" \/>\n<meta property=\"og:image\" content=\"https:\/\/don-cicleto.ronindev.today\/wp-content\/uploads\/2023\/06\/Don-Cicleto-circulo-amarillo.svg\" \/>\n<meta name=\"twitter:card\" content=\"summary_large_image\" \/>\n<meta name=\"twitter:label1\" content=\"Tempo di lettura stimato\" \/>\n\t<meta name=\"twitter:data1\" content=\"5 minuti\" \/>\n<script type=\"application\/ld+json\" class=\"yoast-schema-graph\">{\"@context\":\"https:\/\/schema.org\",\"@graph\":[{\"@type\":\"WebPage\",\"@id\":\"https:\/\/don-cicleto.ronindev.today\/it\/informativa-sulla-privacy\/\",\"url\":\"https:\/\/don-cicleto.ronindev.today\/it\/informativa-sulla-privacy\/\",\"name\":\"Informativa sulla privacy - Don Cicleto\",\"isPartOf\":{\"@id\":\"https:\/\/don-cicleto.ronindev.today\/it\/#website\"},\"datePublished\":\"2023-06-09T17:30:32+00:00\",\"dateModified\":\"2023-10-11T18:08:04+00:00\",\"breadcrumb\":{\"@id\":\"https:\/\/don-cicleto.ronindev.today\/it\/informativa-sulla-privacy\/#breadcrumb\"},\"inLanguage\":\"it-IT\",\"potentialAction\":[{\"@type\":\"ReadAction\",\"target\":[\"https:\/\/don-cicleto.ronindev.today\/it\/informativa-sulla-privacy\/\"]}]},{\"@type\":\"BreadcrumbList\",\"@id\":\"https:\/\/don-cicleto.ronindev.today\/it\/informativa-sulla-privacy\/#breadcrumb\",\"itemListElement\":[{\"@type\":\"ListItem\",\"position\":1,\"name\":\"Home\",\"item\":\"https:\/\/don-cicleto.ronindev.today\/it\/\"},{\"@type\":\"ListItem\",\"position\":2,\"name\":\"Informativa sulla privacy\"}]},{\"@type\":\"WebSite\",\"@id\":\"https:\/\/don-cicleto.ronindev.today\/it\/#website\",\"url\":\"https:\/\/don-cicleto.ronindev.today\/it\/\",\"name\":\"Don Cicleto\",\"description\":\"\",\"publisher\":{\"@id\":\"https:\/\/don-cicleto.ronindev.today\/it\/#organization\"},\"potentialAction\":[{\"@type\":\"SearchAction\",\"target\":{\"@type\":\"EntryPoint\",\"urlTemplate\":\"https:\/\/don-cicleto.ronindev.today\/it\/?s={search_term_string}\"},\"query-input\":\"required name=search_term_string\"}],\"inLanguage\":\"it-IT\"},{\"@type\":\"Organization\",\"@id\":\"https:\/\/don-cicleto.ronindev.today\/it\/#organization\",\"name\":\"Don Cicleto\",\"url\":\"https:\/\/don-cicleto.ronindev.today\/it\/\",\"logo\":{\"@type\":\"ImageObject\",\"inLanguage\":\"it-IT\",\"@id\":\"https:\/\/don-cicleto.ronindev.today\/it\/#\/schema\/logo\/image\/\",\"url\":\"https:\/\/don-cicleto.ronindev.today\/wp-content\/uploads\/2023\/06\/Don-Cicleto-logo-txt.svg\",\"contentUrl\":\"https:\/\/don-cicleto.ronindev.today\/wp-content\/uploads\/2023\/06\/Don-Cicleto-logo-txt.svg\",\"width\":132,\"height\":32,\"caption\":\"Don Cicleto\"},\"image\":{\"@id\":\"https:\/\/don-cicleto.ronindev.today\/it\/#\/schema\/logo\/image\/\"}}]}<\/script>\n<!-- \/ Yoast SEO plugin. -->","yoast_head_json":{"title":"Informativa sulla privacy - Don Cicleto","robots":{"index":"noindex","follow":"follow","max-snippet":"max-snippet:-1","max-image-preview":"max-image-preview:large","max-video-preview":"max-video-preview:-1"},"og_locale":"it_IT","og_type":"article","og_title":"Informativa sulla privacy - Don Cicleto","og_description":"Informativa sulla privacy Nota legale e informativa sulla privacy In conformit\u00e0 con la Legge 34\/2002, dell&#8217;11 luglio, sui Servizi della Societ\u00e0 dell&#8217;Informazione e del Commercio Elettronico, vi informiamo che DON CICLETO S.L., con sede legale in CALLE PE\u00d1AFIEL 17, 28019, MADRID; con codice fiscale B87258786, \u00e8 il proprietario del sito web http:\/\/www.doncicleto.com\/ (di seguito il [&hellip;]","og_url":"https:\/\/don-cicleto.ronindev.today\/it\/informativa-sulla-privacy\/","og_site_name":"Don Cicleto","article_modified_time":"2023-10-11T18:08:04+00:00","og_image":[{"url":"https:\/\/don-cicleto.ronindev.today\/wp-content\/uploads\/2023\/06\/Don-Cicleto-circulo-amarillo.svg"}],"twitter_card":"summary_large_image","twitter_misc":{"Tempo di lettura stimato":"5 minuti"},"schema":{"@context":"https:\/\/schema.org","@graph":[{"@type":"WebPage","@id":"https:\/\/don-cicleto.ronindev.today\/it\/informativa-sulla-privacy\/","url":"https:\/\/don-cicleto.ronindev.today\/it\/informativa-sulla-privacy\/","name":"Informativa sulla privacy - Don Cicleto","isPartOf":{"@id":"https:\/\/don-cicleto.ronindev.today\/it\/#website"},"datePublished":"2023-06-09T17:30:32+00:00","dateModified":"2023-10-11T18:08:04+00:00","breadcrumb":{"@id":"https:\/\/don-cicleto.ronindev.today\/it\/informativa-sulla-privacy\/#breadcrumb"},"inLanguage":"it-IT","potentialAction":[{"@type":"ReadAction","target":["https:\/\/don-cicleto.ronindev.today\/it\/informativa-sulla-privacy\/"]}]},{"@type":"BreadcrumbList","@id":"https:\/\/don-cicleto.ronindev.today\/it\/informativa-sulla-privacy\/#breadcrumb","itemListElement":[{"@type":"ListItem","position":1,"name":"Home","item":"https:\/\/don-cicleto.ronindev.today\/it\/"},{"@type":"ListItem","position":2,"name":"Informativa sulla privacy"}]},{"@type":"WebSite","@id":"https:\/\/don-cicleto.ronindev.today\/it\/#website","url":"https:\/\/don-cicleto.ronindev.today\/it\/","name":"Don Cicleto","description":"","publisher":{"@id":"https:\/\/don-cicleto.ronindev.today\/it\/#organization"},"potentialAction":[{"@type":"SearchAction","target":{"@type":"EntryPoint","urlTemplate":"https:\/\/don-cicleto.ronindev.today\/it\/?s={search_term_string}"},"query-input":"required name=search_term_string"}],"inLanguage":"it-IT"},{"@type":"Organization","@id":"https:\/\/don-cicleto.ronindev.today\/it\/#organization","name":"Don Cicleto","url":"https:\/\/don-cicleto.ronindev.today\/it\/","logo":{"@type":"ImageObject","inLanguage":"it-IT","@id":"https:\/\/don-cicleto.ronindev.today\/it\/#\/schema\/logo\/image\/","url":"https:\/\/don-cicleto.ronindev.today\/wp-content\/uploads\/2023\/06\/Don-Cicleto-logo-txt.svg","contentUrl":"https:\/\/don-cicleto.ronindev.today\/wp-content\/uploads\/2023\/06\/Don-Cicleto-logo-txt.svg","width":132,"height":32,"caption":"Don Cicleto"},"image":{"@id":"https:\/\/don-cicleto.ronindev.today\/it\/#\/schema\/logo\/image\/"}}]}},"_links":{"self":[{"href":"https:\/\/don-cicleto.ronindev.today\/it\/wp-json\/wp\/v2\/pages\/4491","targetHints":{"allow":["GET"]}}],"collection":[{"href":"https:\/\/don-cicleto.ronindev.today\/it\/wp-json\/wp\/v2\/pages"}],"about":[{"href":"https:\/\/don-cicleto.ronindev.today\/it\/wp-json\/wp\/v2\/types\/page"}],"author":[{"embeddable":true,"href":"https:\/\/don-cicleto.ronindev.today\/it\/wp-json\/wp\/v2\/users\/1"}],"replies":[{"embeddable":true,"href":"https:\/\/don-cicleto.ronindev.today\/it\/wp-json\/wp\/v2\/comments?post=4491"}],"version-history":[{"count":1,"href":"https:\/\/don-cicleto.ronindev.today\/it\/wp-json\/wp\/v2\/pages\/4491\/revisions"}],"predecessor-version":[{"id":4492,"href":"https:\/\/don-cicleto.ronindev.today\/it\/wp-json\/wp\/v2\/pages\/4491\/revisions\/4492"}],"wp:attachment":[{"href":"https:\/\/don-cicleto.ronindev.today\/it\/wp-json\/wp\/v2\/media?parent=4491"}],"curies":[{"name":"wp","href":"https:\/\/api.w.org\/{rel}","templated":true}]}}