{"id":4339,"date":"2023-07-21T00:34:33","date_gmt":"2023-07-21T00:34:33","guid":{"rendered":"https:\/\/don-cicleto.ronindev.today\/product\/razzo-bicihangar\/"},"modified":"2023-07-21T00:34:33","modified_gmt":"2023-07-21T00:34:33","slug":"bicihangar-razzo","status":"publish","type":"product","link":"https:\/\/don-cicleto.ronindev.today\/it\/prodotto\/bicihangar-razzo\/","title":{"rendered":"Razzo Bicihangar"},"content":{"rendered":"<p><span style=\"font-weight: 400;\">Progettato, sviluppato e prodotto da Don Cicleto, il Bicihangar Rocket \u00e8 una soluzione perfetta per parcheggiare in sicurezza biciclette e scooter in qualsiasi tipo di spazio, proteggendoli da furti, atti vandalici e condizioni atmosferiche avverse.<\/span><\/p>\n<p>&nbsp;<\/p>\n<p><span style=\"font-weight: 400;\">L&#8217;ingombro \u00e8 pari alla met\u00e0 di quello di un&#8217;automobile, per cui \u00e8 facile da distribuire nelle citt\u00e0 e da installare in qualsiasi tipo di locale.  <\/span><\/p>\n<p>&nbsp;<\/p>\n<p><span style=\"font-weight: 400;\">\u00c8 autonomo e non richiede opere civili, consentendo una rapida installazione e diffusione nelle citt\u00e0 e un facile trasferimento.<\/span><\/p>\n<p>&nbsp;<\/p>\n<p><span style=\"font-weight: 400;\">Il Bicihangar Rocket ha ricevuto riconoscimenti internazionali dalle pi\u00f9 prestigiose organizzazioni del mondo della bicicletta e della micromobilit\u00e0:<\/span><\/p>\n<p>&nbsp;<\/p>\n<ul>\n<li style=\"list-style-type: none;\">\n<ul>\n<li style=\"font-weight: 400;\" aria-level=\"1\"><a href=\"https:\/\/ecf.com\/\"><br \/>\n  <b>Federazione ciclistica europea<\/b><br \/>\n<\/a><span style=\"font-weight: 400;\">La Federazione europea dei ciclisti: riunisce le associazioni ciclistiche a livello europeo e rappresenta gli interessi dei ciclisti presso il Parlamento europeo.<\/span><\/li>\n<li style=\"font-weight: 400;\" aria-level=\"1\"><a href=\"https:\/\/cyclingindustries.com\/\"><br \/>\n  <b>Industrie ciclistiche europee<\/b><br \/>\n<\/a><span style=\"font-weight: 400;\">Cyclist Industries Europe: l&#8217;organizzazione di riferimento per il settore ciclistico privato in Europa.<\/span><\/li>\n<li style=\"font-weight: 400;\" aria-level=\"1\"><a href=\"https:\/\/www.eiturbanmobility.eu\/\"><br \/>\n  <b>EIT Mobilit\u00e0 Urbana<\/b><br \/>\n<\/a><span style=\"font-weight: 400;\">EIT Mobilit\u00e0 Urbana: associazione sotto l&#8217;egida dell&#8217;Unione Europea per promuovere l&#8217;innovazione nei trasporti. <\/span> <\/li>\n<li style=\"font-weight: 400;\" aria-level=\"1\"><a href=\"https:\/\/www.ciudadesporlabicicleta.org\/\"><b>Rete di citt\u00e0 per la bicicletta<\/b><\/a><\/li>\n<li style=\"font-weight: 400;\" aria-level=\"1\"><a href=\"https:\/\/www.movilidadsostenible.com.es\/\"><b>Aziende per la mobilit\u00e0 sostenibile<\/b><\/a><\/li>\n<\/ul>\n<\/li>\n<\/ul>\n<p>&nbsp;<\/p>\n","protected":false},"excerpt":{"rendered":"<p>Progettato, sviluppato e prodotto da Don Cicleto, il Bicihangar Rocket \u00e8 una soluzione perfetta per parcheggiare in sicurezza biciclette e scooter in qualsiasi tipo di spazio, proteggendoli da furti, atti vandalici e condizioni atmosferiche avverse. &nbsp; L&#8217;ingombro \u00e8 pari alla met\u00e0 di quello di un&#8217;automobile, per cui \u00e8 facile da distribuire nelle citt\u00e0 e da [&hellip;]<\/p>\n","protected":false},"featured_media":3581,"comment_status":"open","ping_status":"closed","template":"","meta":{"_links_to":"","_links_to_target":""},"product_cat":[64],"product_tag":[],"class_list":["post-4339","product","type-product","status-publish","has-post-thumbnail","hentry","product_cat-hangar"],"acf":[],"yoast_head":"<!-- This site is optimized with the Yoast SEO plugin v21.4 - https:\/\/yoast.com\/wordpress\/plugins\/seo\/ -->\n<title>Razzo Bicihangar - Don Cicleto<\/title>\n<meta name=\"robots\" content=\"noindex, follow, max-snippet:-1, max-image-preview:large, max-video-preview:-1\" \/>\n<meta property=\"og:locale\" content=\"it_IT\" \/>\n<meta property=\"og:type\" content=\"article\" \/>\n<meta property=\"og:title\" content=\"Razzo Bicihangar - Don Cicleto\" \/>\n<meta property=\"og:description\" content=\"Progettato, sviluppato e prodotto da Don Cicleto, il Bicihangar Rocket \u00e8 una soluzione perfetta per parcheggiare in sicurezza biciclette e scooter in qualsiasi tipo di spazio, proteggendoli da furti, atti vandalici e condizioni atmosferiche avverse. &nbsp; L&#8217;ingombro \u00e8 pari alla met\u00e0 di quello di un&#8217;automobile, per cui \u00e8 facile da distribuire nelle citt\u00e0 e da [&hellip;]\" \/>\n<meta property=\"og:url\" content=\"https:\/\/don-cicleto.ronindev.today\/it\/prodotto\/bicihangar-razzo\/\" \/>\n<meta property=\"og:site_name\" content=\"Don Cicleto\" \/>\n<meta property=\"og:image\" content=\"https:\/\/don-cicleto.ronindev.today\/wp-content\/uploads\/2023\/08\/bicihangar6-scaled.jpg\" \/>\n\t<meta property=\"og:image:width\" content=\"2560\" \/>\n\t<meta property=\"og:image:height\" content=\"1920\" \/>\n\t<meta property=\"og:image:type\" content=\"image\/jpeg\" \/>\n<meta name=\"twitter:card\" content=\"summary_large_image\" \/>\n<meta name=\"twitter:label1\" content=\"Tempo di lettura stimato\" \/>\n\t<meta name=\"twitter:data1\" content=\"1 minuto\" \/>\n<script type=\"application\/ld+json\" class=\"yoast-schema-graph\">{\"@context\":\"https:\/\/schema.org\",\"@graph\":[{\"@type\":\"WebPage\",\"@id\":\"https:\/\/don-cicleto.ronindev.today\/it\/prodotto\/bicihangar-razzo\/\",\"url\":\"https:\/\/don-cicleto.ronindev.today\/it\/prodotto\/bicihangar-razzo\/\",\"name\":\"Razzo Bicihangar - Don Cicleto\",\"isPartOf\":{\"@id\":\"https:\/\/don-cicleto.ronindev.today\/it\/#website\"},\"datePublished\":\"2023-07-21T00:34:33+00:00\",\"dateModified\":\"2023-07-21T00:34:33+00:00\",\"breadcrumb\":{\"@id\":\"https:\/\/don-cicleto.ronindev.today\/it\/prodotto\/bicihangar-razzo\/#breadcrumb\"},\"inLanguage\":\"it-IT\",\"potentialAction\":[{\"@type\":\"ReadAction\",\"target\":[\"https:\/\/don-cicleto.ronindev.today\/it\/prodotto\/bicihangar-razzo\/\"]}]},{\"@type\":\"BreadcrumbList\",\"@id\":\"https:\/\/don-cicleto.ronindev.today\/it\/prodotto\/bicihangar-razzo\/#breadcrumb\",\"itemListElement\":[{\"@type\":\"ListItem\",\"position\":1,\"name\":\"Home\",\"item\":\"https:\/\/don-cicleto.ronindev.today\/it\/\"},{\"@type\":\"ListItem\",\"position\":2,\"name\":\"Negozio\",\"item\":\"https:\/\/don-cicleto.ronindev.today\/it\/negozio\/\"},{\"@type\":\"ListItem\",\"position\":3,\"name\":\"Razzo Bicihangar\"}]},{\"@type\":\"WebSite\",\"@id\":\"https:\/\/don-cicleto.ronindev.today\/it\/#website\",\"url\":\"https:\/\/don-cicleto.ronindev.today\/it\/\",\"name\":\"Don Cicleto\",\"description\":\"\",\"publisher\":{\"@id\":\"https:\/\/don-cicleto.ronindev.today\/it\/#organization\"},\"potentialAction\":[{\"@type\":\"SearchAction\",\"target\":{\"@type\":\"EntryPoint\",\"urlTemplate\":\"https:\/\/don-cicleto.ronindev.today\/it\/?s={search_term_string}\"},\"query-input\":\"required name=search_term_string\"}],\"inLanguage\":\"it-IT\"},{\"@type\":\"Organization\",\"@id\":\"https:\/\/don-cicleto.ronindev.today\/it\/#organization\",\"name\":\"Don Cicleto\",\"url\":\"https:\/\/don-cicleto.ronindev.today\/it\/\",\"logo\":{\"@type\":\"ImageObject\",\"inLanguage\":\"it-IT\",\"@id\":\"https:\/\/don-cicleto.ronindev.today\/it\/#\/schema\/logo\/image\/\",\"url\":\"https:\/\/don-cicleto.ronindev.today\/wp-content\/uploads\/2023\/06\/Don-Cicleto-logo-txt.svg\",\"contentUrl\":\"https:\/\/don-cicleto.ronindev.today\/wp-content\/uploads\/2023\/06\/Don-Cicleto-logo-txt.svg\",\"width\":132,\"height\":32,\"caption\":\"Don Cicleto\"},\"image\":{\"@id\":\"https:\/\/don-cicleto.ronindev.today\/it\/#\/schema\/logo\/image\/\"}}]}<\/script>\n<!-- \/ Yoast SEO plugin. -->","yoast_head_json":{"title":"Razzo Bicihangar - Don Cicleto","robots":{"index":"noindex","follow":"follow","max-snippet":"max-snippet:-1","max-image-preview":"max-image-preview:large","max-video-preview":"max-video-preview:-1"},"og_locale":"it_IT","og_type":"article","og_title":"Razzo Bicihangar - Don Cicleto","og_description":"Progettato, sviluppato e prodotto da Don Cicleto, il Bicihangar Rocket \u00e8 una soluzione perfetta per parcheggiare in sicurezza biciclette e scooter in qualsiasi tipo di spazio, proteggendoli da furti, atti vandalici e condizioni atmosferiche avverse. &nbsp; L&#8217;ingombro \u00e8 pari alla met\u00e0 di quello di un&#8217;automobile, per cui \u00e8 facile da distribuire nelle citt\u00e0 e da [&hellip;]","og_url":"https:\/\/don-cicleto.ronindev.today\/it\/prodotto\/bicihangar-razzo\/","og_site_name":"Don Cicleto","og_image":[{"width":2560,"height":1920,"url":"https:\/\/don-cicleto.ronindev.today\/wp-content\/uploads\/2023\/08\/bicihangar6-scaled.jpg","type":"image\/jpeg"}],"twitter_card":"summary_large_image","twitter_misc":{"Tempo di lettura stimato":"1 minuto"},"schema":{"@context":"https:\/\/schema.org","@graph":[{"@type":"WebPage","@id":"https:\/\/don-cicleto.ronindev.today\/it\/prodotto\/bicihangar-razzo\/","url":"https:\/\/don-cicleto.ronindev.today\/it\/prodotto\/bicihangar-razzo\/","name":"Razzo Bicihangar - Don Cicleto","isPartOf":{"@id":"https:\/\/don-cicleto.ronindev.today\/it\/#website"},"datePublished":"2023-07-21T00:34:33+00:00","dateModified":"2023-07-21T00:34:33+00:00","breadcrumb":{"@id":"https:\/\/don-cicleto.ronindev.today\/it\/prodotto\/bicihangar-razzo\/#breadcrumb"},"inLanguage":"it-IT","potentialAction":[{"@type":"ReadAction","target":["https:\/\/don-cicleto.ronindev.today\/it\/prodotto\/bicihangar-razzo\/"]}]},{"@type":"BreadcrumbList","@id":"https:\/\/don-cicleto.ronindev.today\/it\/prodotto\/bicihangar-razzo\/#breadcrumb","itemListElement":[{"@type":"ListItem","position":1,"name":"Home","item":"https:\/\/don-cicleto.ronindev.today\/it\/"},{"@type":"ListItem","position":2,"name":"Negozio","item":"https:\/\/don-cicleto.ronindev.today\/it\/negozio\/"},{"@type":"ListItem","position":3,"name":"Razzo Bicihangar"}]},{"@type":"WebSite","@id":"https:\/\/don-cicleto.ronindev.today\/it\/#website","url":"https:\/\/don-cicleto.ronindev.today\/it\/","name":"Don Cicleto","description":"","publisher":{"@id":"https:\/\/don-cicleto.ronindev.today\/it\/#organization"},"potentialAction":[{"@type":"SearchAction","target":{"@type":"EntryPoint","urlTemplate":"https:\/\/don-cicleto.ronindev.today\/it\/?s={search_term_string}"},"query-input":"required name=search_term_string"}],"inLanguage":"it-IT"},{"@type":"Organization","@id":"https:\/\/don-cicleto.ronindev.today\/it\/#organization","name":"Don Cicleto","url":"https:\/\/don-cicleto.ronindev.today\/it\/","logo":{"@type":"ImageObject","inLanguage":"it-IT","@id":"https:\/\/don-cicleto.ronindev.today\/it\/#\/schema\/logo\/image\/","url":"https:\/\/don-cicleto.ronindev.today\/wp-content\/uploads\/2023\/06\/Don-Cicleto-logo-txt.svg","contentUrl":"https:\/\/don-cicleto.ronindev.today\/wp-content\/uploads\/2023\/06\/Don-Cicleto-logo-txt.svg","width":132,"height":32,"caption":"Don Cicleto"},"image":{"@id":"https:\/\/don-cicleto.ronindev.today\/it\/#\/schema\/logo\/image\/"}}]}},"_links":{"self":[{"href":"https:\/\/don-cicleto.ronindev.today\/it\/wp-json\/wp\/v2\/product\/4339","targetHints":{"allow":["GET"]}}],"collection":[{"href":"https:\/\/don-cicleto.ronindev.today\/it\/wp-json\/wp\/v2\/product"}],"about":[{"href":"https:\/\/don-cicleto.ronindev.today\/it\/wp-json\/wp\/v2\/types\/product"}],"replies":[{"embeddable":true,"href":"https:\/\/don-cicleto.ronindev.today\/it\/wp-json\/wp\/v2\/comments?post=4339"}],"wp:featuredmedia":[{"embeddable":true,"href":"https:\/\/don-cicleto.ronindev.today\/it\/wp-json\/wp\/v2\/media\/3581"}],"wp:attachment":[{"href":"https:\/\/don-cicleto.ronindev.today\/it\/wp-json\/wp\/v2\/media?parent=4339"}],"wp:term":[{"taxonomy":"product_cat","embeddable":true,"href":"https:\/\/don-cicleto.ronindev.today\/it\/wp-json\/wp\/v2\/product_cat?post=4339"},{"taxonomy":"product_tag","embeddable":true,"href":"https:\/\/don-cicleto.ronindev.today\/it\/wp-json\/wp\/v2\/product_tag?post=4339"}],"curies":[{"name":"wp","href":"https:\/\/api.w.org\/{rel}","templated":true}]}}