{"id":4148,"date":"2023-08-25T15:28:15","date_gmt":"2023-08-25T15:28:15","guid":{"rendered":"https:\/\/don-cicleto.ronindev.today\/product\/centro-de-mobilidade-para-bicicletas\/"},"modified":"2023-08-25T15:28:15","modified_gmt":"2023-08-25T15:28:15","slug":"mobilidade-ciclo-cubo","status":"publish","type":"product","link":"https:\/\/don-cicleto.ronindev.today\/pt-pt\/produto\/mobilidade-ciclo-cubo\/","title":{"rendered":"Centro de mobilidade para bicicletas"},"content":{"rendered":"<p><span style=\"font-weight: 400;\">Os nossos centros de mobilidade para bicicletas foram concebidos para zonas de elevada densidade e tr\u00e1fego, como esta\u00e7\u00f5es de comboio, aeroportos ou centros de transporte.  <\/span><\/p>\n<p><span style=\"font-weight: 400;\">Oferece aos utilizadores n\u00e3o s\u00f3 um local seguro, protegido e coberto para estacionar as suas bicicletas, mas tamb\u00e9m outros servi\u00e7os: esta\u00e7\u00f5es de repara\u00e7\u00e3o, carregadores el\u00e9ctricos, cacifos, etc.  <\/span><\/p>\n<p><span style=\"font-weight: 400;\">Trabalhamos em estreita colabora\u00e7\u00e3o com os nossos clientes para personalizar e adaptar os nossos centros de mobilidade para bicicletas \u00e0s suas necessidades espec\u00edficas.  <\/span><\/p>\n","protected":false},"excerpt":{"rendered":"<p>Os nossos centros de mobilidade para bicicletas foram concebidos para zonas de elevada densidade e tr\u00e1fego, como esta\u00e7\u00f5es de comboio, aeroportos ou centros de transporte. Oferece aos utilizadores n\u00e3o s\u00f3 um local seguro, protegido e coberto para estacionar as suas bicicletas, mas tamb\u00e9m outros servi\u00e7os: esta\u00e7\u00f5es de repara\u00e7\u00e3o, carregadores el\u00e9ctricos, cacifos, etc. Trabalhamos em estreita [&hellip;]<\/p>\n","protected":false},"featured_media":3780,"comment_status":"open","ping_status":"closed","template":"","meta":{"_links_to":"","_links_to_target":""},"product_cat":[63],"product_tag":[],"class_list":["post-4148","product","type-product","status-publish","has-post-thumbnail","hentry","product_cat-hangares-pt-pt"],"acf":[],"yoast_head":"<!-- This site is optimized with the Yoast SEO plugin v21.4 - https:\/\/yoast.com\/wordpress\/plugins\/seo\/ -->\n<title>Centro de mobilidade para bicicletas - Don Cicleto<\/title>\n<meta name=\"robots\" content=\"noindex, follow, max-snippet:-1, max-image-preview:large, max-video-preview:-1\" \/>\n<meta property=\"og:locale\" content=\"pt_PT\" \/>\n<meta property=\"og:type\" content=\"article\" \/>\n<meta property=\"og:title\" content=\"Centro de mobilidade para bicicletas - Don Cicleto\" \/>\n<meta property=\"og:description\" content=\"Os nossos centros de mobilidade para bicicletas foram concebidos para zonas de elevada densidade e tr\u00e1fego, como esta\u00e7\u00f5es de comboio, aeroportos ou centros de transporte. Oferece aos utilizadores n\u00e3o s\u00f3 um local seguro, protegido e coberto para estacionar as suas bicicletas, mas tamb\u00e9m outros servi\u00e7os: esta\u00e7\u00f5es de repara\u00e7\u00e3o, carregadores el\u00e9ctricos, cacifos, etc. Trabalhamos em estreita [&hellip;]\" \/>\n<meta property=\"og:url\" content=\"https:\/\/don-cicleto.ronindev.today\/pt-pt\/produto\/mobilidade-ciclo-cubo\/\" \/>\n<meta property=\"og:site_name\" content=\"Don Cicleto\" \/>\n<meta property=\"og:image\" content=\"https:\/\/don-cicleto.ronindev.today\/wp-content\/uploads\/2023\/08\/mobility-cycle2.jpeg\" \/>\n\t<meta property=\"og:image:width\" content=\"1000\" \/>\n\t<meta property=\"og:image:height\" content=\"661\" \/>\n\t<meta property=\"og:image:type\" content=\"image\/jpeg\" \/>\n<meta name=\"twitter:card\" content=\"summary_large_image\" \/>\n<script type=\"application\/ld+json\" class=\"yoast-schema-graph\">{\"@context\":\"https:\/\/schema.org\",\"@graph\":[{\"@type\":\"WebPage\",\"@id\":\"https:\/\/don-cicleto.ronindev.today\/pt-pt\/produto\/mobilidade-ciclo-cubo\/\",\"url\":\"https:\/\/don-cicleto.ronindev.today\/pt-pt\/produto\/mobilidade-ciclo-cubo\/\",\"name\":\"Centro de mobilidade para bicicletas - Don Cicleto\",\"isPartOf\":{\"@id\":\"https:\/\/don-cicleto.ronindev.today\/pt-pt\/#website\"},\"datePublished\":\"2023-08-25T15:28:15+00:00\",\"dateModified\":\"2023-08-25T15:28:15+00:00\",\"breadcrumb\":{\"@id\":\"https:\/\/don-cicleto.ronindev.today\/pt-pt\/produto\/mobilidade-ciclo-cubo\/#breadcrumb\"},\"inLanguage\":\"pt-PT\",\"potentialAction\":[{\"@type\":\"ReadAction\",\"target\":[\"https:\/\/don-cicleto.ronindev.today\/pt-pt\/produto\/mobilidade-ciclo-cubo\/\"]}]},{\"@type\":\"BreadcrumbList\",\"@id\":\"https:\/\/don-cicleto.ronindev.today\/pt-pt\/produto\/mobilidade-ciclo-cubo\/#breadcrumb\",\"itemListElement\":[{\"@type\":\"ListItem\",\"position\":1,\"name\":\"Home\",\"item\":\"https:\/\/don-cicleto.ronindev.today\/pt-pt\/\"},{\"@type\":\"ListItem\",\"position\":2,\"name\":\"Tienda\",\"item\":\"https:\/\/don-cicleto.ronindev.today\/pt-pt\/tienda\/\"},{\"@type\":\"ListItem\",\"position\":3,\"name\":\"Centro de mobilidade para bicicletas\"}]},{\"@type\":\"WebSite\",\"@id\":\"https:\/\/don-cicleto.ronindev.today\/pt-pt\/#website\",\"url\":\"https:\/\/don-cicleto.ronindev.today\/pt-pt\/\",\"name\":\"Don Cicleto\",\"description\":\"\",\"publisher\":{\"@id\":\"https:\/\/don-cicleto.ronindev.today\/pt-pt\/#organization\"},\"potentialAction\":[{\"@type\":\"SearchAction\",\"target\":{\"@type\":\"EntryPoint\",\"urlTemplate\":\"https:\/\/don-cicleto.ronindev.today\/pt-pt\/?s={search_term_string}\"},\"query-input\":\"required name=search_term_string\"}],\"inLanguage\":\"pt-PT\"},{\"@type\":\"Organization\",\"@id\":\"https:\/\/don-cicleto.ronindev.today\/pt-pt\/#organization\",\"name\":\"Don Cicleto\",\"url\":\"https:\/\/don-cicleto.ronindev.today\/pt-pt\/\",\"logo\":{\"@type\":\"ImageObject\",\"inLanguage\":\"pt-PT\",\"@id\":\"https:\/\/don-cicleto.ronindev.today\/pt-pt\/#\/schema\/logo\/image\/\",\"url\":\"https:\/\/don-cicleto.ronindev.today\/wp-content\/uploads\/2023\/06\/Don-Cicleto-logo-txt.svg\",\"contentUrl\":\"https:\/\/don-cicleto.ronindev.today\/wp-content\/uploads\/2023\/06\/Don-Cicleto-logo-txt.svg\",\"width\":132,\"height\":32,\"caption\":\"Don Cicleto\"},\"image\":{\"@id\":\"https:\/\/don-cicleto.ronindev.today\/pt-pt\/#\/schema\/logo\/image\/\"}}]}<\/script>\n<!-- \/ Yoast SEO plugin. -->","yoast_head_json":{"title":"Centro de mobilidade para bicicletas - Don Cicleto","robots":{"index":"noindex","follow":"follow","max-snippet":"max-snippet:-1","max-image-preview":"max-image-preview:large","max-video-preview":"max-video-preview:-1"},"og_locale":"pt_PT","og_type":"article","og_title":"Centro de mobilidade para bicicletas - Don Cicleto","og_description":"Os nossos centros de mobilidade para bicicletas foram concebidos para zonas de elevada densidade e tr\u00e1fego, como esta\u00e7\u00f5es de comboio, aeroportos ou centros de transporte. Oferece aos utilizadores n\u00e3o s\u00f3 um local seguro, protegido e coberto para estacionar as suas bicicletas, mas tamb\u00e9m outros servi\u00e7os: esta\u00e7\u00f5es de repara\u00e7\u00e3o, carregadores el\u00e9ctricos, cacifos, etc. Trabalhamos em estreita [&hellip;]","og_url":"https:\/\/don-cicleto.ronindev.today\/pt-pt\/produto\/mobilidade-ciclo-cubo\/","og_site_name":"Don Cicleto","og_image":[{"width":1000,"height":661,"url":"https:\/\/don-cicleto.ronindev.today\/wp-content\/uploads\/2023\/08\/mobility-cycle2.jpeg","type":"image\/jpeg"}],"twitter_card":"summary_large_image","schema":{"@context":"https:\/\/schema.org","@graph":[{"@type":"WebPage","@id":"https:\/\/don-cicleto.ronindev.today\/pt-pt\/produto\/mobilidade-ciclo-cubo\/","url":"https:\/\/don-cicleto.ronindev.today\/pt-pt\/produto\/mobilidade-ciclo-cubo\/","name":"Centro de mobilidade para bicicletas - Don Cicleto","isPartOf":{"@id":"https:\/\/don-cicleto.ronindev.today\/pt-pt\/#website"},"datePublished":"2023-08-25T15:28:15+00:00","dateModified":"2023-08-25T15:28:15+00:00","breadcrumb":{"@id":"https:\/\/don-cicleto.ronindev.today\/pt-pt\/produto\/mobilidade-ciclo-cubo\/#breadcrumb"},"inLanguage":"pt-PT","potentialAction":[{"@type":"ReadAction","target":["https:\/\/don-cicleto.ronindev.today\/pt-pt\/produto\/mobilidade-ciclo-cubo\/"]}]},{"@type":"BreadcrumbList","@id":"https:\/\/don-cicleto.ronindev.today\/pt-pt\/produto\/mobilidade-ciclo-cubo\/#breadcrumb","itemListElement":[{"@type":"ListItem","position":1,"name":"Home","item":"https:\/\/don-cicleto.ronindev.today\/pt-pt\/"},{"@type":"ListItem","position":2,"name":"Tienda","item":"https:\/\/don-cicleto.ronindev.today\/pt-pt\/tienda\/"},{"@type":"ListItem","position":3,"name":"Centro de mobilidade para bicicletas"}]},{"@type":"WebSite","@id":"https:\/\/don-cicleto.ronindev.today\/pt-pt\/#website","url":"https:\/\/don-cicleto.ronindev.today\/pt-pt\/","name":"Don Cicleto","description":"","publisher":{"@id":"https:\/\/don-cicleto.ronindev.today\/pt-pt\/#organization"},"potentialAction":[{"@type":"SearchAction","target":{"@type":"EntryPoint","urlTemplate":"https:\/\/don-cicleto.ronindev.today\/pt-pt\/?s={search_term_string}"},"query-input":"required name=search_term_string"}],"inLanguage":"pt-PT"},{"@type":"Organization","@id":"https:\/\/don-cicleto.ronindev.today\/pt-pt\/#organization","name":"Don Cicleto","url":"https:\/\/don-cicleto.ronindev.today\/pt-pt\/","logo":{"@type":"ImageObject","inLanguage":"pt-PT","@id":"https:\/\/don-cicleto.ronindev.today\/pt-pt\/#\/schema\/logo\/image\/","url":"https:\/\/don-cicleto.ronindev.today\/wp-content\/uploads\/2023\/06\/Don-Cicleto-logo-txt.svg","contentUrl":"https:\/\/don-cicleto.ronindev.today\/wp-content\/uploads\/2023\/06\/Don-Cicleto-logo-txt.svg","width":132,"height":32,"caption":"Don Cicleto"},"image":{"@id":"https:\/\/don-cicleto.ronindev.today\/pt-pt\/#\/schema\/logo\/image\/"}}]}},"_links":{"self":[{"href":"https:\/\/don-cicleto.ronindev.today\/pt-pt\/wp-json\/wp\/v2\/product\/4148","targetHints":{"allow":["GET"]}}],"collection":[{"href":"https:\/\/don-cicleto.ronindev.today\/pt-pt\/wp-json\/wp\/v2\/product"}],"about":[{"href":"https:\/\/don-cicleto.ronindev.today\/pt-pt\/wp-json\/wp\/v2\/types\/product"}],"replies":[{"embeddable":true,"href":"https:\/\/don-cicleto.ronindev.today\/pt-pt\/wp-json\/wp\/v2\/comments?post=4148"}],"wp:featuredmedia":[{"embeddable":true,"href":"https:\/\/don-cicleto.ronindev.today\/pt-pt\/wp-json\/wp\/v2\/media\/3780"}],"wp:attachment":[{"href":"https:\/\/don-cicleto.ronindev.today\/pt-pt\/wp-json\/wp\/v2\/media?parent=4148"}],"wp:term":[{"taxonomy":"product_cat","embeddable":true,"href":"https:\/\/don-cicleto.ronindev.today\/pt-pt\/wp-json\/wp\/v2\/product_cat?post=4148"},{"taxonomy":"product_tag","embeddable":true,"href":"https:\/\/don-cicleto.ronindev.today\/pt-pt\/wp-json\/wp\/v2\/product_tag?post=4148"}],"curies":[{"name":"wp","href":"https:\/\/api.w.org\/{rel}","templated":true}]}}