{"id":4154,"date":"2023-08-25T15:26:45","date_gmt":"2023-08-25T15:26:45","guid":{"rendered":"https:\/\/don-cicleto.ronindev.today\/product\/centro-de-contentores\/"},"modified":"2023-08-25T15:26:45","modified_gmt":"2023-08-25T15:26:45","slug":"contentor-hub","status":"publish","type":"product","link":"https:\/\/don-cicleto.ronindev.today\/pt-pt\/produto\/contentor-hub\/","title":{"rendered":"Centro de contentores"},"content":{"rendered":"<p><span style=\"font-weight: 400;\">O Container Hub \u00e9 um parque de estacionamento constru\u00eddo a partir de um contentor mar\u00edtimo reciclado com capacidade para 20 bicicletas em altura dupla.  <\/span><\/p>\n<p><span style=\"font-weight: 400;\">Permite uma instala\u00e7\u00e3o e desloca\u00e7\u00e3o r\u00e1pidas.<\/span><\/p>\n","protected":false},"excerpt":{"rendered":"<p>O Container Hub \u00e9 um parque de estacionamento constru\u00eddo a partir de um contentor mar\u00edtimo reciclado com capacidade para 20 bicicletas em altura dupla. Permite uma instala\u00e7\u00e3o e desloca\u00e7\u00e3o r\u00e1pidas.<\/p>\n","protected":false},"featured_media":3702,"comment_status":"open","ping_status":"closed","template":"","meta":{"_links_to":"","_links_to_target":""},"product_cat":[63],"product_tag":[],"class_list":["post-4154","product","type-product","status-publish","has-post-thumbnail","hentry","product_cat-hangares-pt-pt"],"acf":[],"yoast_head":"<!-- This site is optimized with the Yoast SEO plugin v21.4 - https:\/\/yoast.com\/wordpress\/plugins\/seo\/ -->\n<title>Centro de contentores - Don Cicleto<\/title>\n<meta name=\"robots\" content=\"noindex, follow, max-snippet:-1, max-image-preview:large, max-video-preview:-1\" \/>\n<meta property=\"og:locale\" content=\"pt_PT\" \/>\n<meta property=\"og:type\" content=\"article\" \/>\n<meta property=\"og:title\" content=\"Centro de contentores - Don Cicleto\" \/>\n<meta property=\"og:description\" content=\"O Container Hub \u00e9 um parque de estacionamento constru\u00eddo a partir de um contentor mar\u00edtimo reciclado com capacidade para 20 bicicletas em altura dupla. Permite uma instala\u00e7\u00e3o e desloca\u00e7\u00e3o r\u00e1pidas.\" \/>\n<meta property=\"og:url\" content=\"https:\/\/don-cicleto.ronindev.today\/pt-pt\/produto\/contentor-hub\/\" \/>\n<meta property=\"og:site_name\" content=\"Don Cicleto\" \/>\n<meta property=\"og:image\" content=\"https:\/\/don-cicleto.ronindev.today\/wp-content\/uploads\/2023\/08\/container-hub9-scaled.jpg\" \/>\n\t<meta property=\"og:image:width\" content=\"2560\" \/>\n\t<meta property=\"og:image:height\" content=\"1707\" \/>\n\t<meta property=\"og:image:type\" content=\"image\/jpeg\" \/>\n<meta name=\"twitter:card\" content=\"summary_large_image\" \/>\n<script type=\"application\/ld+json\" class=\"yoast-schema-graph\">{\"@context\":\"https:\/\/schema.org\",\"@graph\":[{\"@type\":\"WebPage\",\"@id\":\"https:\/\/don-cicleto.ronindev.today\/pt-pt\/produto\/contentor-hub\/\",\"url\":\"https:\/\/don-cicleto.ronindev.today\/pt-pt\/produto\/contentor-hub\/\",\"name\":\"Centro de contentores - Don Cicleto\",\"isPartOf\":{\"@id\":\"https:\/\/don-cicleto.ronindev.today\/pt-pt\/#website\"},\"datePublished\":\"2023-08-25T15:26:45+00:00\",\"dateModified\":\"2023-08-25T15:26:45+00:00\",\"breadcrumb\":{\"@id\":\"https:\/\/don-cicleto.ronindev.today\/pt-pt\/produto\/contentor-hub\/#breadcrumb\"},\"inLanguage\":\"pt-PT\",\"potentialAction\":[{\"@type\":\"ReadAction\",\"target\":[\"https:\/\/don-cicleto.ronindev.today\/pt-pt\/produto\/contentor-hub\/\"]}]},{\"@type\":\"BreadcrumbList\",\"@id\":\"https:\/\/don-cicleto.ronindev.today\/pt-pt\/produto\/contentor-hub\/#breadcrumb\",\"itemListElement\":[{\"@type\":\"ListItem\",\"position\":1,\"name\":\"Home\",\"item\":\"https:\/\/don-cicleto.ronindev.today\/pt-pt\/\"},{\"@type\":\"ListItem\",\"position\":2,\"name\":\"Tienda\",\"item\":\"https:\/\/don-cicleto.ronindev.today\/pt-pt\/tienda\/\"},{\"@type\":\"ListItem\",\"position\":3,\"name\":\"Centro de contentores\"}]},{\"@type\":\"WebSite\",\"@id\":\"https:\/\/don-cicleto.ronindev.today\/pt-pt\/#website\",\"url\":\"https:\/\/don-cicleto.ronindev.today\/pt-pt\/\",\"name\":\"Don Cicleto\",\"description\":\"\",\"publisher\":{\"@id\":\"https:\/\/don-cicleto.ronindev.today\/pt-pt\/#organization\"},\"potentialAction\":[{\"@type\":\"SearchAction\",\"target\":{\"@type\":\"EntryPoint\",\"urlTemplate\":\"https:\/\/don-cicleto.ronindev.today\/pt-pt\/?s={search_term_string}\"},\"query-input\":\"required name=search_term_string\"}],\"inLanguage\":\"pt-PT\"},{\"@type\":\"Organization\",\"@id\":\"https:\/\/don-cicleto.ronindev.today\/pt-pt\/#organization\",\"name\":\"Don Cicleto\",\"url\":\"https:\/\/don-cicleto.ronindev.today\/pt-pt\/\",\"logo\":{\"@type\":\"ImageObject\",\"inLanguage\":\"pt-PT\",\"@id\":\"https:\/\/don-cicleto.ronindev.today\/pt-pt\/#\/schema\/logo\/image\/\",\"url\":\"https:\/\/don-cicleto.ronindev.today\/wp-content\/uploads\/2023\/06\/Don-Cicleto-logo-txt.svg\",\"contentUrl\":\"https:\/\/don-cicleto.ronindev.today\/wp-content\/uploads\/2023\/06\/Don-Cicleto-logo-txt.svg\",\"width\":132,\"height\":32,\"caption\":\"Don Cicleto\"},\"image\":{\"@id\":\"https:\/\/don-cicleto.ronindev.today\/pt-pt\/#\/schema\/logo\/image\/\"}}]}<\/script>\n<!-- \/ Yoast SEO plugin. -->","yoast_head_json":{"title":"Centro de contentores - Don Cicleto","robots":{"index":"noindex","follow":"follow","max-snippet":"max-snippet:-1","max-image-preview":"max-image-preview:large","max-video-preview":"max-video-preview:-1"},"og_locale":"pt_PT","og_type":"article","og_title":"Centro de contentores - Don Cicleto","og_description":"O Container Hub \u00e9 um parque de estacionamento constru\u00eddo a partir de um contentor mar\u00edtimo reciclado com capacidade para 20 bicicletas em altura dupla. Permite uma instala\u00e7\u00e3o e desloca\u00e7\u00e3o r\u00e1pidas.","og_url":"https:\/\/don-cicleto.ronindev.today\/pt-pt\/produto\/contentor-hub\/","og_site_name":"Don Cicleto","og_image":[{"width":2560,"height":1707,"url":"https:\/\/don-cicleto.ronindev.today\/wp-content\/uploads\/2023\/08\/container-hub9-scaled.jpg","type":"image\/jpeg"}],"twitter_card":"summary_large_image","schema":{"@context":"https:\/\/schema.org","@graph":[{"@type":"WebPage","@id":"https:\/\/don-cicleto.ronindev.today\/pt-pt\/produto\/contentor-hub\/","url":"https:\/\/don-cicleto.ronindev.today\/pt-pt\/produto\/contentor-hub\/","name":"Centro de contentores - Don Cicleto","isPartOf":{"@id":"https:\/\/don-cicleto.ronindev.today\/pt-pt\/#website"},"datePublished":"2023-08-25T15:26:45+00:00","dateModified":"2023-08-25T15:26:45+00:00","breadcrumb":{"@id":"https:\/\/don-cicleto.ronindev.today\/pt-pt\/produto\/contentor-hub\/#breadcrumb"},"inLanguage":"pt-PT","potentialAction":[{"@type":"ReadAction","target":["https:\/\/don-cicleto.ronindev.today\/pt-pt\/produto\/contentor-hub\/"]}]},{"@type":"BreadcrumbList","@id":"https:\/\/don-cicleto.ronindev.today\/pt-pt\/produto\/contentor-hub\/#breadcrumb","itemListElement":[{"@type":"ListItem","position":1,"name":"Home","item":"https:\/\/don-cicleto.ronindev.today\/pt-pt\/"},{"@type":"ListItem","position":2,"name":"Tienda","item":"https:\/\/don-cicleto.ronindev.today\/pt-pt\/tienda\/"},{"@type":"ListItem","position":3,"name":"Centro de contentores"}]},{"@type":"WebSite","@id":"https:\/\/don-cicleto.ronindev.today\/pt-pt\/#website","url":"https:\/\/don-cicleto.ronindev.today\/pt-pt\/","name":"Don Cicleto","description":"","publisher":{"@id":"https:\/\/don-cicleto.ronindev.today\/pt-pt\/#organization"},"potentialAction":[{"@type":"SearchAction","target":{"@type":"EntryPoint","urlTemplate":"https:\/\/don-cicleto.ronindev.today\/pt-pt\/?s={search_term_string}"},"query-input":"required name=search_term_string"}],"inLanguage":"pt-PT"},{"@type":"Organization","@id":"https:\/\/don-cicleto.ronindev.today\/pt-pt\/#organization","name":"Don Cicleto","url":"https:\/\/don-cicleto.ronindev.today\/pt-pt\/","logo":{"@type":"ImageObject","inLanguage":"pt-PT","@id":"https:\/\/don-cicleto.ronindev.today\/pt-pt\/#\/schema\/logo\/image\/","url":"https:\/\/don-cicleto.ronindev.today\/wp-content\/uploads\/2023\/06\/Don-Cicleto-logo-txt.svg","contentUrl":"https:\/\/don-cicleto.ronindev.today\/wp-content\/uploads\/2023\/06\/Don-Cicleto-logo-txt.svg","width":132,"height":32,"caption":"Don Cicleto"},"image":{"@id":"https:\/\/don-cicleto.ronindev.today\/pt-pt\/#\/schema\/logo\/image\/"}}]}},"_links":{"self":[{"href":"https:\/\/don-cicleto.ronindev.today\/pt-pt\/wp-json\/wp\/v2\/product\/4154","targetHints":{"allow":["GET"]}}],"collection":[{"href":"https:\/\/don-cicleto.ronindev.today\/pt-pt\/wp-json\/wp\/v2\/product"}],"about":[{"href":"https:\/\/don-cicleto.ronindev.today\/pt-pt\/wp-json\/wp\/v2\/types\/product"}],"replies":[{"embeddable":true,"href":"https:\/\/don-cicleto.ronindev.today\/pt-pt\/wp-json\/wp\/v2\/comments?post=4154"}],"wp:featuredmedia":[{"embeddable":true,"href":"https:\/\/don-cicleto.ronindev.today\/pt-pt\/wp-json\/wp\/v2\/media\/3702"}],"wp:attachment":[{"href":"https:\/\/don-cicleto.ronindev.today\/pt-pt\/wp-json\/wp\/v2\/media?parent=4154"}],"wp:term":[{"taxonomy":"product_cat","embeddable":true,"href":"https:\/\/don-cicleto.ronindev.today\/pt-pt\/wp-json\/wp\/v2\/product_cat?post=4154"},{"taxonomy":"product_tag","embeddable":true,"href":"https:\/\/don-cicleto.ronindev.today\/pt-pt\/wp-json\/wp\/v2\/product_tag?post=4154"}],"curies":[{"name":"wp","href":"https:\/\/api.w.org\/{rel}","templated":true}]}}